{"id":39548,"date":"2026-04-13T08:31:15","date_gmt":"2026-04-13T06:31:15","guid":{"rendered":"https:\/\/ecooptimist.com\/privacidade\/"},"modified":"2026-05-09T16:20:55","modified_gmt":"2026-05-09T14:20:55","slug":"privacidade","status":"publish","type":"page","link":"https:\/\/ecooptimist.com\/pt-pt\/privacidade\/","title":{"rendered":"Privacidade"},"content":{"rendered":"<p>[et_pb_section fb_built=&#8221;1&#8243; admin_label=&#8221;privacy&#8221; module_id=&#8221;Privacidade&#8221; _builder_version=&#8221;4.27.6&#8243; background_color=&#8221;#000000&#8243; custom_padding=&#8221;0px||0px|||&#8221; locked=&#8221;off&#8221; global_colors_info=&#8221;{}&#8221;][et_pb_row column_structure=&#8221;1_5,3_5,1_5&#8243; use_custom_gutter=&#8221;on&#8221; make_equal=&#8221;on&#8221; _builder_version=&#8221;4.27.6&#8243; _module_preset=&#8221;default&#8221; width=&#8221;98%&#8221; max_width=&#8221;98%&#8221; hover_enabled=&#8221;0&#8243; custom_css_main_element=&#8221;display:flex;||align-items:center;&#8221; locked=&#8221;off&#8221; global_colors_info=&#8221;{}&#8221; custom_css_main_element_last_edited=&#8221;on|phone&#8221; custom_css_main_element_phone=&#8221;display:block&#8221; custom_css_main_element_tablet=&#8221;display:flex;||align-items:center;&#8221; sticky_enabled=&#8221;0&#8243;][et_pb_column type=&#8221;1_5&#8243; _builder_version=&#8221;4.27.6&#8243; _module_preset=&#8221;default&#8221; custom_css_main_element=&#8221;min-width:14%&#8221; global_colors_info=&#8221;{}&#8221; disabled_on=&#8221;off|off|off&#8221;][et_pb_image src=&#8221;https:\/\/ecooptimist.com\/wp-content\/uploads\/2026\/04\/Logo-Powered2.png&#8221; title_text=&#8221;Logo Powered2&#8243; url=&#8221;https:\/\/ecooptimist.com\/pt-pt\/&#8221; show_bottom_space=&#8221;off&#8221; align_tablet=&#8221;center&#8221; align_phone=&#8221;center&#8221; align_last_edited=&#8221;on|desktop&#8221; _builder_version=&#8221;4.27.6&#8243; _module_preset=&#8221;default&#8221; transform_translate_linked__sticky=&#8221;off&#8221; width=&#8221;240px&#8221; width_tablet=&#8221;50%&#8221; width_phone=&#8221;50%&#8221; width_last_edited=&#8221;on|tablet&#8221; custom_margin=&#8221;||||false|false&#8221; custom_margin_tablet=&#8221;||60px||false|false&#8221; custom_margin_phone=&#8221;||60px||false|false&#8221; custom_margin_last_edited=&#8221;on|tablet&#8221; locked=&#8221;off&#8221; global_colors_info=&#8221;{}&#8221; transform_styles__sticky_enabled=&#8221;on|sticky&#8221; transform_scale__sticky_enabled=&#8221;on|sticky&#8221; transform_translate__sticky_enabled=&#8221;on|desktop&#8221; transform_rotate__sticky_enabled=&#8221;on|desktop&#8221; transform_skew__sticky_enabled=&#8221;on|desktop&#8221; transform_origin__sticky_enabled=&#8221;on|desktop&#8221; transform_scale__sticky=&#8221;1%|1%&#8221; custom_css_main_element__sticky_enabled=&#8221;on|sticky&#8221; custom_css_main_element__sticky=&#8221;display: none !important;||pointer-events: none !important;&#8221; transform_translate__sticky=&#8221;-280vh|0vh&#8221;][\/et_pb_image][\/et_pb_column][et_pb_column type=&#8221;3_5&#8243; disabled_on=&#8221;on|off|off&#8221; _builder_version=&#8221;4.27.6&#8243; _module_preset=&#8221;default&#8221; hover_enabled=&#8221;0&#8243; global_colors_info=&#8221;{}&#8221; sticky_enabled=&#8221;0&#8243;][et_pb_text admin_label=&#8221;Text&#8221; _builder_version=&#8221;4.27.6&#8243; text_text_color=&#8221;#FFFFFF&#8221; header_text_align=&#8221;center&#8221; header_text_color=&#8221;#FFFFFF&#8221; header_font_size=&#8221;3vw&#8221; background_size=&#8221;initial&#8221; background_position=&#8221;top_left&#8221; background_repeat=&#8221;repeat&#8221; global_colors_info=&#8221;{}&#8221;]<\/p>\n<h1>Pol\u00edtica de privacidade<\/h1>\n<p>[\/et_pb_text][\/et_pb_column][et_pb_column type=&#8221;1_5&#8243; disabled_on=&#8221;off|off|off&#8221; _builder_version=&#8221;4.27.6&#8243; _module_preset=&#8221;default&#8221; global_colors_info=&#8221;{}&#8221;][et_pb_icon font_icon=&#8221;&#x61;||divi||400&#8243; icon_color=&#8221;#FFFFFF&#8221; url=&#8221;#divioverlay-37279&#8243; align=&#8221;right&#8221; align_tablet=&#8221;right&#8221; align_phone=&#8221;center&#8221; align_last_edited=&#8221;on|phone&#8221; module_class=&#8221;divioverlay-39784&#8243; _builder_version=&#8221;4.27.6&#8243; _module_preset=&#8221;default&#8221; display_conditions=&#8221;W3siaWQiOiJmYjZjNDZjNC1iNmFiLTRlYjktOWE5ZC02ZmJiMGI3MTI2ZDciLCJjb25kaXRpb24iOiJwYWdlIiwiY29uZGl0aW9uU2V0dGluZ3MiOnsiZGlzcGxheVJ1bGUiOiJpcyIsImR5bmFtaWNQb3N0cyI6W3sibGFiZWwiOiJDb250YWN0byIsInZhbHVlIjoiMzk0OTAifSx7ImxhYmVsIjoiU3VzdGVudGFiaWxpZGFkZSIsInZhbHVlIjoiMzk1MzcifSx7ImxhYmVsIjoiUXVlbSBzb21vcz8iLCJ2YWx1ZSI6IjM5NDY3In0seyJsYWJlbCI6IlByaXZhY2lkYWRlIiwidmFsdWUiOiIzOTU0OCJ9LHsibGFiZWwiOiJSZXNpZGVuY2lhbCIsInZhbHVlIjoiMzk1NTIifSx7ImxhYmVsIjoiVHVyXHUwMGVkc3RpY28iLCJ2YWx1ZSI6IjM5NTU2In0seyJsYWJlbCI6IklOXHUwMGNkQ0lPIiwidmFsdWUiOiIzNjMzOCJ9XSwicG9zdFR5cGVMYWJlbCI6IlBcdTAwZTFnaW5hcyIsImFkbWluTGFiZWwiOiJQXHUwMGUxZ2luYXMiLCJlbmFibGVDb25kaXRpb24iOiJvbiJ9LCJvcGVyYXRvciI6Ik9SIn1d&#8221; custom_margin=&#8221;-23%|-8%|||false|false&#8221; locked=&#8221;off&#8221; global_colors_info=&#8221;{}&#8221;][\/et_pb_icon][\/et_pb_column][\/et_pb_row][et_pb_row admin_label=&#8221;row&#8221; _builder_version=&#8221;4.16&#8243; background_size=&#8221;initial&#8221; background_position=&#8221;top_left&#8221; background_repeat=&#8221;repeat&#8221; global_colors_info=&#8221;{}&#8221;][et_pb_column type=&#8221;4_4&#8243; _builder_version=&#8221;4.16&#8243; custom_padding=&#8221;|||&#8221; global_colors_info=&#8221;{}&#8221; custom_padding__hover=&#8221;|||&#8221; disabled_on=&#8221;off|off|off&#8221;][et_pb_text disabled_on=&#8221;off|off|on&#8221; admin_label=&#8221;Text&#8221; _builder_version=&#8221;4.27.6&#8243; text_text_color=&#8221;#FFFFFF&#8221; header_text_align=&#8221;center&#8221; header_text_color=&#8221;#FFFFFF&#8221; header_font_size=&#8221;3vw&#8221; background_size=&#8221;initial&#8221; background_position=&#8221;top_left&#8221; background_repeat=&#8221;repeat&#8221; hover_enabled=&#8221;0&#8243; global_colors_info=&#8221;{}&#8221; sticky_enabled=&#8221;0&#8243;]<\/p>\n<h1>Pol\u00edtica de privacidade<\/h1>\n<p>[\/et_pb_text][et_pb_text admin_label=&#8221;Text&#8221; _builder_version=&#8221;4.27.6&#8243; text_text_color=&#8221;#FFFFFF&#8221; link_text_color=&#8221;rgba(255,255,255,0.8)&#8221; header_text_align=&#8221;center&#8221; header_text_color=&#8221;#FFFFFF&#8221; header_font_size=&#8221;3vw&#8221; background_size=&#8221;initial&#8221; background_position=&#8221;top_left&#8221; background_repeat=&#8221;repeat&#8221; global_colors_info=&#8221;{}&#8221;]<\/p>\n<p><strong>Data efectiva: 31 de mar\u00e7o de 2025<\/strong><\/p>\n<p>Eco Optimist Lda is committed to protecting your privacy. This Privacy Policy explains how we collect, use, and safeguard your personal information when you interact with our services. <\/p>\n<p><strong>1. Informa\u00e7\u00f5es que coletamos<\/strong><\/p>\n<p>Podemos coletar os seguintes tipos de informa\u00e7\u00f5es:<\/p>\n<ul>\n<li>Informa\u00e7\u00f5es pessoais fornecidas pelo utilizador (por exemplo, nome, endere\u00e7o de correio eletr\u00f3nico, n\u00famero de telefone) quando nos contacta ou utiliza os nossos servi\u00e7os.<\/li>\n<li>Informa\u00e7\u00f5es recolhidas automaticamente (por exemplo, endere\u00e7o IP, tipo de browser, cookies) quando o utilizador visita o nosso s\u00edtio Web.<\/li>\n<\/ul>\n<p><strong>2. Como utilizamos suas informa\u00e7\u00f5es<\/strong><\/p>\n<p>Utilizamos as informa\u00e7\u00f5es coletadas para:<\/p>\n<ul>\n<li>Fornecer, operar e melhorar os nossos servi\u00e7os.<\/li>\n<li>Responder a pedidos de informa\u00e7\u00e3o e comunicar com o utilizador.<\/li>\n<li>Melhorar a experi\u00eancia do utilizador e a funcionalidade do site.<\/li>\n<li>Cumprir as obriga\u00e7\u00f5es legais.<\/li>\n<\/ul>\n<p><strong>3. Partilha de Informa\u00e7\u00e3o<\/strong><\/p>\n<p>N\u00e3o vendemos, trocamos ou alugamos suas informa\u00e7\u00f5es pessoais a terceiros. No entanto, podemos compartilhar suas informa\u00e7\u00f5es com parceiros confi\u00e1veis \u200b\u200bque nos auxiliam na presta\u00e7\u00e3o de servi\u00e7os, mediante acordos de confidencialidade. Tamb\u00e9m podemos divulgar informa\u00e7\u00f5es se exigido por lei.  <\/p>\n<p><strong>4. Seguran\u00e7a de Dados<\/strong><\/p>\n<p>Implementamos medidas de seguran\u00e7a adequadas para proteger suas informa\u00e7\u00f5es pessoais contra acesso, altera\u00e7\u00e3o ou divulga\u00e7\u00e3o n\u00e3o autorizados. No entanto, nenhum m\u00e9todo de transmiss\u00e3o pela Internet \u00e9 100% seguro. <\/p>\n<p><strong>5. Seus direitos<\/strong><\/p>\n<p>Dependendo da sua jurisdi\u00e7\u00e3o, voc\u00ea pode ter o direito de:<\/p>\n<ul>\n<li>Aceder, corrigir ou apagar as suas informa\u00e7\u00f5es pessoais.<\/li>\n<li>Retirar o consentimento para determinadas actividades de processamento de dados.<\/li>\n<li>Optar por n\u00e3o receber comunica\u00e7\u00f5es de marketing.<\/li>\n<\/ul>\n<p>Para exercer esses direitos, entre em contato conosco pelo endere\u00e7o:<br \/>hello@ecooptimist.com<br \/>+351 963 536 484<\/p>\n<p><strong>6. Links de terceiros<\/strong><\/p>\n<p>Nosso site pode conter links para sites externos. N\u00e3o nos responsabilizamos pelas pr\u00e1ticas de privacidade desses terceiros. <\/p>\n<p><strong>7. Atualiza\u00e7\u00f5es desta Pol\u00edtica<\/strong><\/p>\n<p>Podemos atualizar esta Pol\u00edtica de Privacidade periodicamente. A vers\u00e3o mais recente estar\u00e1 sempre dispon\u00edvel em nosso site, com a data de vig\u00eancia atualizada. <\/p>\n<p><strong>8. Contacte-nos<\/strong><\/p>\n<p>Se tiver alguma d\u00favida sobre esta Pol\u00edtica de Privacidade, por favor contacte-nos atrav\u00e9s de::<br \/>hello@ecooptimist.com<br \/>+351 963 536 484<br \/>Rua do Infante Santo 16, 9000-012 Funchal, Madeira, Portugal\n<\/p>\n<p>[\/et_pb_text][\/et_pb_column][\/et_pb_row][\/et_pb_section][et_pb_section fb_built=&#8221;1&#8243; admin_label=&#8221;cookies&#8221; module_id=&#8221;cookies&#8221; _builder_version=&#8221;4.27.6&#8243; background_color=&#8221;#000000&#8243; locked=&#8221;off&#8221; global_colors_info=&#8221;{}&#8221;][et_pb_row column_structure=&#8221;1_5,3_5,1_5&#8243; use_custom_gutter=&#8221;on&#8221; make_equal=&#8221;on&#8221; _builder_version=&#8221;4.27.6&#8243; _module_preset=&#8221;default&#8221; width=&#8221;98%&#8221; max_width=&#8221;98%&#8221; hover_enabled=&#8221;0&#8243; custom_css_main_element=&#8221;display:flex;||align-items:center;&#8221; locked=&#8221;off&#8221; global_colors_info=&#8221;{}&#8221; sticky_enabled=&#8221;0&#8243;][et_pb_column type=&#8221;1_5&#8243; _builder_version=&#8221;4.27.6&#8243; _module_preset=&#8221;default&#8221; custom_css_main_element=&#8221;min-width:14%&#8221; global_colors_info=&#8221;{}&#8221; disabled_on=&#8221;off|off|off&#8221;][\/et_pb_column][et_pb_column type=&#8221;3_5&#8243; disabled_on=&#8221;off|off|off&#8221; _builder_version=&#8221;4.27.6&#8243; _module_preset=&#8221;default&#8221; hover_enabled=&#8221;0&#8243; global_colors_info=&#8221;{}&#8221; sticky_enabled=&#8221;0&#8243;][et_pb_text admin_label=&#8221;Text&#8221; _builder_version=&#8221;4.27.6&#8243; text_text_color=&#8221;#FFFFFF&#8221; header_text_align=&#8221;center&#8221; header_text_color=&#8221;#FFFFFF&#8221; header_font_size=&#8221;3vw&#8221; background_size=&#8221;initial&#8221; background_position=&#8221;top_left&#8221; background_repeat=&#8221;repeat&#8221; global_colors_info=&#8221;{}&#8221;]<\/p>\n<h1>Pol\u00edtica de Cookies<\/h1>\n<p>[\/et_pb_text][\/et_pb_column][et_pb_column type=&#8221;1_5&#8243; disabled_on=&#8221;off|off|off&#8221; _builder_version=&#8221;4.27.6&#8243; _module_preset=&#8221;default&#8221; global_colors_info=&#8221;{}&#8221;][\/et_pb_column][\/et_pb_row][et_pb_row admin_label=&#8221;row&#8221; _builder_version=&#8221;4.16&#8243; background_size=&#8221;initial&#8221; background_position=&#8221;top_left&#8221; background_repeat=&#8221;repeat&#8221; global_colors_info=&#8221;{}&#8221;][et_pb_column type=&#8221;4_4&#8243; _builder_version=&#8221;4.16&#8243; custom_padding=&#8221;|||&#8221; global_colors_info=&#8221;{}&#8221; custom_padding__hover=&#8221;|||&#8221; disabled_on=&#8221;off|off|off&#8221;][et_pb_text admin_label=&#8221;Text&#8221; _builder_version=&#8221;4.27.6&#8243; text_text_color=&#8221;#FFFFFF&#8221; link_text_color=&#8221;rgba(255,255,255,0.8)&#8221; header_text_align=&#8221;center&#8221; header_text_color=&#8221;#FFFFFF&#8221; header_font_size=&#8221;3vw&#8221; background_size=&#8221;initial&#8221; background_position=&#8221;top_left&#8221; background_repeat=&#8221;repeat&#8221; global_colors_info=&#8221;{}&#8221;]<\/p>\n<p>Este website pode utilizar cookies necess\u00e1rios para o seu correto funcionamento e, mediante o seu consentimento, cookies destinados a medir a audi\u00eancia ou melhorar a experi\u00eancia do utilizador.<\/p>\n<p>[\/et_pb_text][\/et_pb_column][\/et_pb_row][\/et_pb_section][et_pb_section fb_built=&#8221;1&#8243; admin_label=&#8221;legal&#8221; module_id=&#8221;legal&#8221; _builder_version=&#8221;4.27.6&#8243; background_color=&#8221;#000000&#8243; locked=&#8221;off&#8221; global_colors_info=&#8221;{}&#8221;][et_pb_row column_structure=&#8221;1_5,3_5,1_5&#8243; use_custom_gutter=&#8221;on&#8221; make_equal=&#8221;on&#8221; disabled_on=&#8221;off|off|off&#8221; _builder_version=&#8221;4.27.6&#8243; _module_preset=&#8221;default&#8221; width=&#8221;98%&#8221; max_width=&#8221;98%&#8221; hover_enabled=&#8221;0&#8243; custom_css_main_element=&#8221;display:flex;||align-items:center;&#8221; locked=&#8221;off&#8221; global_colors_info=&#8221;{}&#8221; sticky_enabled=&#8221;0&#8243;][et_pb_column type=&#8221;1_5&#8243; _builder_version=&#8221;4.27.6&#8243; _module_preset=&#8221;default&#8221; custom_css_main_element=&#8221;min-width:14%&#8221; global_colors_info=&#8221;{}&#8221; disabled_on=&#8221;off|off|off&#8221;][\/et_pb_column][et_pb_column type=&#8221;3_5&#8243; disabled_on=&#8221;off|off|off&#8221; _builder_version=&#8221;4.27.6&#8243; _module_preset=&#8221;default&#8221; hover_enabled=&#8221;0&#8243; global_colors_info=&#8221;{}&#8221; sticky_enabled=&#8221;0&#8243;][et_pb_text admin_label=&#8221;legal&#8221; module_id=&#8221;legal&#8221; _builder_version=&#8221;4.27.6&#8243; text_text_color=&#8221;#FFFFFF&#8221; header_text_align=&#8221;center&#8221; header_text_color=&#8221;#FFFFFF&#8221; header_font_size=&#8221;3vw&#8221; background_size=&#8221;initial&#8221; background_position=&#8221;top_left&#8221; background_repeat=&#8221;repeat&#8221; global_colors_info=&#8221;{}&#8221;]<\/p>\n<h1> Aviso Legal<\/h1>\n<p>[\/et_pb_text][\/et_pb_column][et_pb_column type=&#8221;1_5&#8243; disabled_on=&#8221;off|off|off&#8221; _builder_version=&#8221;4.27.6&#8243; _module_preset=&#8221;default&#8221; global_colors_info=&#8221;{}&#8221;][\/et_pb_column][\/et_pb_row][et_pb_row admin_label=&#8221;row&#8221; _builder_version=&#8221;4.16&#8243; background_size=&#8221;initial&#8221; background_position=&#8221;top_left&#8221; background_repeat=&#8221;repeat&#8221; global_colors_info=&#8221;{}&#8221;][et_pb_column type=&#8221;4_4&#8243; _builder_version=&#8221;4.16&#8243; custom_padding=&#8221;|||&#8221; global_colors_info=&#8221;{}&#8221; custom_padding__hover=&#8221;|||&#8221; disabled_on=&#8221;off|off|off&#8221;][et_pb_text admin_label=&#8221;Text&#8221; _builder_version=&#8221;4.27.6&#8243; text_text_color=&#8221;#FFFFFF&#8221; link_text_color=&#8221;rgba(255,255,255,0.8)&#8221; header_text_align=&#8221;center&#8221; header_text_color=&#8221;#FFFFFF&#8221; header_font_size=&#8221;3vw&#8221; background_size=&#8221;initial&#8221; background_position=&#8221;top_left&#8221; background_repeat=&#8221;repeat&#8221; global_colors_info=&#8221;{}&#8221;]<\/p>\n<p data-start=\"269\" data-end=\"407\">This website is published by Eco Optimist Lda, with its registered office at Rua do Infante Santo 16, 9000-012 Funchal, Madeira, Portugal.<\/p>\n<p data-start=\"409\" data-end=\"582\">A Eco Optimist \u00e9 o agente oficial exclusivo da Revonia para a Madeira e o Porto Santo, bem como agente da ERTEC e da SwissHydro para as solu\u00e7\u00f5es apresentadas neste website<\/p>\n<p data-start=\"584\" data-end=\"650\">Email: <a data-start=\"591\" data-end=\"612\" class=\"decorated-link cursor-pointer\" rel=\"noopener\">hello@ecooptimist.com<span aria-hidden=\"true\" class=\"ms-0.5 inline-block align-middle leading-none\"><svg xmlns=\"http:\/\/www.w3.org\/2000\/svg\" width=\"20\" height=\"20\" aria-hidden=\"true\" data-rtl-flip=\"\" class=\"block h-[0.75em] w-[0.75em] stroke-current stroke-[0.75]\"><use href=\"\/cdn\/assets\/sprites-core-f8sla627.svg#304883\" fill=\"currentColor\"\/><\/svg><\/span><\/a><br data-start=\"612\" data-end=\"615\">Telefone \/ Hotline: +351 963 536 484<\/p>\n<p data-start=\"652\" data-end=\"703\">Disponibilidade: Segunda a sexta-feira, 9h00 \u2013 17h00<\/p>\n<p data-start=\"705\" data-end=\"722\">NIPC: 517856921<\/p>\n<p data-start=\"724\" data-end=\"759\">Publication Director: Ana\u00efde Moos<\/p>\n<p data-start=\"761\" data-end=\"833\">Diretora de Publica\u00e7\u00e3o: Infomaniak<\/p>\n<p data-start=\"835\" data-end=\"988\">Todo o conte\u00fado do website est\u00e1 protegido ao abrigo das leis de propriedade intelectual aplic\u00e1veis. Qualquer reprodu\u00e7\u00e3o ou utiliza\u00e7\u00e3o sem autoriza\u00e7\u00e3o pr\u00e9via \u00e9 estritamente proibida. <\/p>\n<p>[\/et_pb_text][\/et_pb_column][\/et_pb_row][\/et_pb_section][et_pb_section fb_built=&#8221;1&#8243; admin_label=&#8221;dispute&#8221; module_id=&#8221;dispute&#8221; _builder_version=&#8221;4.27.6&#8243; background_color=&#8221;#000000&#8243; locked=&#8221;off&#8221; global_colors_info=&#8221;{}&#8221;][et_pb_row column_structure=&#8221;1_5,3_5,1_5&#8243; use_custom_gutter=&#8221;on&#8221; make_equal=&#8221;on&#8221; disabled_on=&#8221;off|off|off&#8221; _builder_version=&#8221;4.27.6&#8243; _module_preset=&#8221;default&#8221; width=&#8221;98%&#8221; max_width=&#8221;98%&#8221; custom_css_main_element=&#8221;display:flex;||align-items:center;&#8221; locked=&#8221;off&#8221; global_colors_info=&#8221;{}&#8221;][et_pb_column type=&#8221;1_5&#8243; _builder_version=&#8221;4.27.6&#8243; _module_preset=&#8221;default&#8221; custom_css_main_element=&#8221;min-width:14%&#8221; global_colors_info=&#8221;{}&#8221; disabled_on=&#8221;off|off|off&#8221;][\/et_pb_column][et_pb_column type=&#8221;3_5&#8243; disabled_on=&#8221;off|off|off&#8221; _builder_version=&#8221;4.27.6&#8243; _module_preset=&#8221;default&#8221; global_colors_info=&#8221;{}&#8221;][et_pb_text admin_label=&#8221;Text&#8221; _builder_version=&#8221;4.27.6&#8243; text_text_color=&#8221;#FFFFFF&#8221; header_text_align=&#8221;center&#8221; header_text_color=&#8221;#FFFFFF&#8221; header_font_size=&#8221;3vw&#8221; background_size=&#8221;initial&#8221; background_position=&#8221;top_left&#8221; background_repeat=&#8221;repeat&#8221; global_colors_info=&#8221;{}&#8221;]<\/p>\n<h1>Resolu\u00e7\u00e3o de disputas<\/h1>\n<p>[\/et_pb_text][\/et_pb_column][et_pb_column type=&#8221;1_5&#8243; disabled_on=&#8221;off|off|off&#8221; _builder_version=&#8221;4.27.6&#8243; _module_preset=&#8221;default&#8221; global_colors_info=&#8221;{}&#8221;][\/et_pb_column][\/et_pb_row][et_pb_row disabled_on=&#8221;off|off|off&#8221; admin_label=&#8221;row&#8221; _builder_version=&#8221;4.16&#8243; background_size=&#8221;initial&#8221; background_position=&#8221;top_left&#8221; background_repeat=&#8221;repeat&#8221; global_colors_info=&#8221;{}&#8221;][et_pb_column type=&#8221;4_4&#8243; _builder_version=&#8221;4.16&#8243; custom_padding=&#8221;|||&#8221; global_colors_info=&#8221;{}&#8221; custom_padding__hover=&#8221;|||&#8221; disabled_on=&#8221;off|off|off&#8221;][et_pb_text admin_label=&#8221;Text&#8221; _builder_version=&#8221;4.27.6&#8243; text_text_color=&#8221;#FFFFFF&#8221; link_text_color=&#8221;rgba(255,255,255,0.8)&#8221; header_text_align=&#8221;center&#8221; header_text_color=&#8221;#FFFFFF&#8221; header_font_size=&#8221;3vw&#8221; background_size=&#8221;initial&#8221; background_position=&#8221;top_left&#8221; background_repeat=&#8221;repeat&#8221; global_colors_info=&#8221;{}&#8221;]<\/p>\n<p data-start=\"1970\" data-end=\"2082\">Em caso de lit\u00edgio de consumo, o consumidor pode recorrer a uma entidade de resolu\u00e7\u00e3o alternativa de lit\u00edgios de consumo competente.<\/p>\n<p data-start=\"2084\" data-end=\"2228\">Para contratos celebrados na Regi\u00e3o Aut\u00f3noma da Madeira, a entidade competente \u00e9: Centro de Arbitragem de Conflitos de Consumo da Madeira.<\/p>\n<p>[\/et_pb_text][\/et_pb_column][\/et_pb_row][\/et_pb_section]<\/p>\n","protected":false},"excerpt":{"rendered":"<p>Pol\u00edtica de privacidadePol\u00edtica de privacidadeData efectiva: 31 de mar\u00e7o de 2025 Eco Optimist Lda is committed to protecting your privacy. This Privacy Policy explains how we collect, use, and safeguard your personal information when you interact with our services. 1. Informa\u00e7\u00f5es que coletamos Podemos coletar os seguintes tipos de informa\u00e7\u00f5es: Informa\u00e7\u00f5es pessoais fornecidas pelo utilizador [&hellip;]<\/p>\n","protected":false},"author":1,"featured_media":0,"parent":0,"menu_order":0,"comment_status":"closed","ping_status":"closed","template":"page-template-blank.php","meta":{"_et_pb_use_builder":"on","_et_pb_old_content":"","_et_gb_content_width":"","om_disable_all_campaigns":false,"inline_featured_image":false,"_monsterinsights_skip_tracking":false,"_monsterinsights_sitenote_active":false,"_monsterinsights_sitenote_note":"","_monsterinsights_sitenote_category":0,"footnotes":""},"class_list":["post-39548","page","type-page","status-publish","hentry"],"aioseo_notices":[],"_links":{"self":[{"href":"https:\/\/ecooptimist.com\/pt-pt\/wp-json\/wp\/v2\/pages\/39548","targetHints":{"allow":["GET"]}}],"collection":[{"href":"https:\/\/ecooptimist.com\/pt-pt\/wp-json\/wp\/v2\/pages"}],"about":[{"href":"https:\/\/ecooptimist.com\/pt-pt\/wp-json\/wp\/v2\/types\/page"}],"author":[{"embeddable":true,"href":"https:\/\/ecooptimist.com\/pt-pt\/wp-json\/wp\/v2\/users\/1"}],"replies":[{"embeddable":true,"href":"https:\/\/ecooptimist.com\/pt-pt\/wp-json\/wp\/v2\/comments?post=39548"}],"version-history":[{"count":9,"href":"https:\/\/ecooptimist.com\/pt-pt\/wp-json\/wp\/v2\/pages\/39548\/revisions"}],"predecessor-version":[{"id":40839,"href":"https:\/\/ecooptimist.com\/pt-pt\/wp-json\/wp\/v2\/pages\/39548\/revisions\/40839"}],"wp:attachment":[{"href":"https:\/\/ecooptimist.com\/pt-pt\/wp-json\/wp\/v2\/media?parent=39548"}],"curies":[{"name":"wp","href":"https:\/\/api.w.org\/{rel}","templated":true}]}}