{"id":34319,"date":"2025-04-11T00:26:44","date_gmt":"2025-04-10T22:26:44","guid":{"rendered":"https:\/\/ecooptimist.com\/swiss-hydro\/"},"modified":"2025-05-08T11:03:27","modified_gmt":"2025-05-08T09:03:27","slug":"swiss-hydro","status":"publish","type":"page","link":"https:\/\/ecooptimist.com\/pt-pt\/swiss-hydro\/","title":{"rendered":"Swiss Hydro"},"content":{"rendered":"<p>[et_pb_section fb_built=&#8221;1&#8243; fullwidth=&#8221;on&#8221; _builder_version=&#8221;4.27.4&#8243; _module_preset=&#8221;default&#8221; background_color=&#8221;#000000&#8243; background_video_mp4=&#8221;https:\/\/ecooptimist.com\/wp-content\/uploads\/2025\/04\/Compr_Swisshydro0072-1608.mp4&#8243; global_colors_info=&#8221;{}&#8221;][et_pb_fullwidth_slider show_arrows=&#8221;off&#8221; show_pagination=&#8221;off&#8221; _builder_version=&#8221;4.27.4&#8243; _module_preset=&#8221;default&#8221; animation_style=&#8221;fade&#8221; animation_duration=&#8221;0ms&#8221; animation_starting_opacity=&#8221;100%&#8221; animation_repeat=&#8221;loop&#8221; auto=&#8221;on&#8221; auto_speed=&#8221;4000&#8243; auto_ignore_hover=&#8221;on&#8221; hover_transition_duration=&#8221;1000ms&#8221; hover_transition_speed_curve=&#8221;linear&#8221; custom_css_free_form=&#8221; .gradient-text {||            background: radial-gradient(circle, #2f6ab2,  #2f9fff);||            -webkit-background-clip: text;||            -webkit-text-fill-color: transparent;||            display: inline-block;||   padding-top:60px;||        }&#8221; custom_css_slide_description=&#8221;animation-name: none;&#8221; body_text_shadow_style=&#8221;preset2&#8243; global_colors_info=&#8221;{}&#8221;][et_pb_slide use_bg_overlay=&#8221;off&#8221; use_text_overlay=&#8221;off&#8221; _builder_version=&#8221;4.27.4&#8243; _module_preset=&#8221;default&#8221; header_font=&#8221;Spectral||||||||&#8221; header_font_size=&#8221;80px&#8221; background_enable_color=&#8221;off&#8221; use_background_color_gradient=&#8221;on&#8221; background_color_gradient_stops=&#8221;rgba(0,0,0,0.3) 0%|rgba(0,0,0,0) 100%&#8221; background_color_gradient_overlays_image=&#8221;on&#8221; background_enable_image=&#8221;off&#8221; width=&#8221;100%&#8221; hover_transition_duration=&#8221;0ms&#8221; hover_transition_speed_curve=&#8221;linear&#8221; custom_css_slide_image=&#8221;animation-name:none;&#8221; global_colors_info=&#8221;{}&#8221; sticky_transition=&#8221;on&#8221;]<img decoding=\"async\" src=\"https:\/\/ecooptimist.com\/wp-content\/uploads\/2025\/04\/logo_swisshydro_v4-png.webp\" width=\"480\" height=\"auto\"><\/p>\n<h4 class=\"gradient-text\">O futuro do tratamento natural da \u00e1gua<\/h4>\n<p>[\/et_pb_slide][\/et_pb_fullwidth_slider][\/et_pb_section][et_pb_section fb_built=&#8221;1&#8243; disabled_on=&#8221;off|off|off&#8221; admin_label=&#8221;About Section&#8221; _builder_version=&#8221;4.27.4&#8243; _module_preset=&#8221;default&#8221; background_color=&#8221;#faf4e3&#8243; background_enable_image=&#8221;off&#8221; parallax=&#8221;on&#8221; background_enable_video_mp4=&#8221;off&#8221; locked=&#8221;off&#8221; global_colors_info=&#8221;{}&#8221;][et_pb_row disabled_on=&#8221;off|off|off&#8221; admin_label=&#8221;Sobre n\u00f3s&#8221; _builder_version=&#8221;4.27.4&#8243; _module_preset=&#8221;default&#8221; background_enable_color=&#8221;off&#8221; width=&#8221;100%&#8221; width_tablet=&#8221;100%&#8221; width_phone=&#8221;100%&#8221; width_last_edited=&#8221;on|tablet&#8221; max_width=&#8221;100%&#8221; max_width_tablet=&#8221;100%&#8221; max_width_phone=&#8221;100%&#8221; max_width_last_edited=&#8221;on|phone&#8221; min_height=&#8221;75vh&#8221; min_height_last_edited=&#8221;off|desktop&#8221; custom_padding=&#8221;0%|10%|0%|10%|true|true&#8221; animation_style=&#8221;fade&#8221; custom_css_main_element=&#8221;display: flex;||  align-items: center;&#8221; global_colors_info=&#8221;{}&#8221; custom_css_main_element_last_edited=&#8221;on|tablet&#8221; custom_css_main_element_tablet=&#8221;min-width:100%;&#8221; custom_css_main_element_phone=&#8221;min-width:100%;&#8221;][et_pb_column type=&#8221;4_4&#8243; _builder_version=&#8221;4.27.4&#8243; _module_preset=&#8221;default&#8221; custom_padding=&#8221;|||&#8221; global_colors_info=&#8221;{}&#8221; custom_padding__hover=&#8221;|||&#8221;][et_pb_text admin_label=&#8221;Title&#8221; _builder_version=&#8221;4.27.4&#8243; _module_preset=&#8221;default&#8221; text_font=&#8221;||||||||&#8221; text_text_color=&#8221;#FFFFFF&#8221; text_font_size=&#8221;24px&#8221; text_line_height=&#8221;1.8em&#8221; header_font=&#8221;||||||||&#8221; header_text_align=&#8221;left&#8221; header_2_font=&#8221;||||||||&#8221; header_2_text_align=&#8221;center&#8221; header_2_font_size=&#8221;60px&#8221; header_2_line_height=&#8221;1.5em&#8221; header_3_text_align=&#8221;justify&#8221; text_orientation=&#8221;justified&#8221; custom_margin=&#8221;0px||0px||false|false&#8221; custom_padding=&#8221;0px||0px||false|false&#8221; animation_direction=&#8221;left&#8221; hover_enabled=&#8221;0&#8243; header_text_align_tablet=&#8221;left&#8221; header_text_align_phone=&#8221;left&#8221; header_text_align_last_edited=&#8221;on|tablet&#8221; header_2_text_align_tablet=&#8221;left&#8221; header_2_text_align_phone=&#8221;left&#8221; header_2_text_align_last_edited=&#8221;on|desktop&#8221; header_2_font_size_tablet=&#8221;60px&#8221; header_2_font_size_phone=&#8221;48px&#8221; header_2_font_size_last_edited=&#8221;on|phone&#8221; header_3_text_align_tablet=&#8221;left&#8221; header_3_text_align_phone=&#8221;left&#8221; header_3_text_align_last_edited=&#8221;on|tablet&#8221; header_3_font_size_tablet=&#8221;&#8221; header_3_font_size_phone=&#8221;18px&#8221; header_3_font_size_last_edited=&#8221;on|tablet&#8221; global_colors_info=&#8221;{}&#8221; sticky_enabled=&#8221;0&#8243;]<\/p>\n<h3>SwissHydro<\/h3>\n<h4>A forma mais inteligente de tratar a \u00e1gua, naturalmente<\/h4>\n<p>[\/et_pb_text][et_pb_text _builder_version=&#8221;4.27.4&#8243; _module_preset=&#8221;default&#8221; text_font=&#8221;&#8211;et_global_body_font||||||||&#8221; text_line_height=&#8221;1.5em&#8221; header_font=&#8221;||||||||&#8221; header_2_text_color=&#8221;#1c8e00&#8243; text_orientation=&#8221;justified&#8221; animation_direction=&#8221;left&#8221; text_font_size_tablet=&#8221;22px&#8221; text_font_size_phone=&#8221;21px&#8221; text_font_size_last_edited=&#8221;off|desktop&#8221; global_colors_info=&#8221;{}&#8221;]<\/p>\n<p>A SwissHydro \u00e9 uma solu\u00e7\u00e3o revolucion\u00e1ria de tratamento de \u00e1gua que muda a forma como gerimos e protegemos os nossos sistemas de \u00e1gua. Quer seja propriet\u00e1rio de uma casa, de uma empresa ou gestor de instala\u00e7\u00f5es, a SwissHydro oferece uma abordagem inovadora, sem eletricidade e sem qu\u00edmicos para manter os seus sistemas de \u00e1gua limpos, eficientes e duradouros. <\/p>\n<p>No cora\u00e7\u00e3o da SwissHydro est\u00e1 um processo patenteado que aplica princ\u00edpios f\u00edsicos ao fluxo de \u00e1gua, revitalizando as suas mol\u00e9culas. Este m\u00e9todo \u00fanico dissolve os dep\u00f3sitos de c\u00e1lcio duros, transformando-os em p\u00f3 de aragonite fino e n\u00e3o escamoso. O resultado? Uma solu\u00e7\u00e3o natural que combate a acumula\u00e7\u00e3o de minerais, ao mesmo tempo que neutraliza as bact\u00e9rias nocivas e reduz significativamente a corros\u00e3o nas suas condutas e equipamentos.   <\/p>\n<p>[\/et_pb_text][et_pb_text _builder_version=&#8221;4.27.4&#8243; _module_preset=&#8221;default&#8221; text_font=&#8221;&#8211;et_global_body_font||||||||&#8221; text_line_height=&#8221;1.5em&#8221; ul_text_align=&#8221;left&#8221; ul_line_height=&#8221;1.7em&#8221; header_font=&#8221;||||||||&#8221; header_2_text_color=&#8221;#1c8e00&#8243; text_orientation=&#8221;justified&#8221; animation_direction=&#8221;left&#8221; global_colors_info=&#8221;{}&#8221;]<\/p>\n<p>SwissHydro oferece uma vasta gama de vantagens pr\u00e1ticas:<\/p>\n<ul>\n<li>Elimina a acumula\u00e7\u00e3o de calc\u00e1rio nas tubagens, aquecedores de \u00e1gua e aparelhos<\/li>\n<li>Melhora a qualidade da \u00e1gua atrav\u00e9s da inibi\u00e7\u00e3o do crescimento bacteriano<\/li>\n<li>Reduz a corros\u00e3o e o desgaste, protegendo os seus sistemas de canaliza\u00e7\u00e3o<\/li>\n<li>Reduz o consumo de energia, mantendo os sistemas a funcionar de forma eficiente<\/li>\n<li>Aumenta o tempo de vida \u00fatil das infra-estruturas e aparelhos relacionados com a \u00e1gua<\/li>\n<\/ul>\n<p>[\/et_pb_text][et_pb_text _builder_version=&#8221;4.27.4&#8243; _module_preset=&#8221;default&#8221; text_font=&#8221;&#8211;et_global_body_font||||||||&#8221; text_line_height=&#8221;1.5em&#8221; ul_line_height=&#8221;1.7em&#8221; header_font=&#8221;||||||||&#8221; header_2_text_color=&#8221;#1c8e00&#8243; text_orientation=&#8221;justified&#8221; animation_direction=&#8221;left&#8221; text_font_size_tablet=&#8221;22px&#8221; text_font_size_phone=&#8221;21px&#8221; text_font_size_last_edited=&#8221;off|desktop&#8221; global_colors_info=&#8221;{}&#8221;]<\/p>\n<p><span>Concebida tendo em mente a simplicidade e a sustentabilidade, a SwissHydro \u00e9 totalmente aut\u00f3noma. N\u00e3o necessita de produtos qu\u00edmicos, nem de sal, nem de manuten\u00e7\u00e3o regular. Tamb\u00e9m n\u00e3o h\u00e1 desperd\u00edcio de \u00e1gua, o que faz com que seja a escolha ideal para casas e empresas preocupadas com o ambiente.  <\/span><\/p>\n<p>[\/et_pb_text][et_pb_text _builder_version=&#8221;4.27.4&#8243; _module_preset=&#8221;default&#8221; text_font=&#8221;&#8211;et_global_body_font||||||||&#8221; text_line_height=&#8221;1.5em&#8221; ul_line_height=&#8221;1.7em&#8221; header_font=&#8221;||||||||&#8221; header_2_text_color=&#8221;#1c8e00&#8243; text_orientation=&#8221;justified&#8221; animation_direction=&#8221;left&#8221; text_font_size_tablet=&#8221;22px&#8221; text_font_size_phone=&#8221;21px&#8221; text_font_size_last_edited=&#8221;off|desktop&#8221; global_colors_info=&#8221;{}&#8221;]<\/p>\n<p><span>Desde casas particulares a hot\u00e9is, hospitais e instala\u00e7\u00f5es industriais, a SwissHydro est\u00e1 a ajudar pessoas de todo o mundo a controlar a qualidade da sua \u00e1gua &#8211; poupando tempo, dinheiro e recursos.<\/span><\/p>\n<p>[\/et_pb_text][et_pb_text _builder_version=&#8221;4.27.4&#8243; _module_preset=&#8221;default&#8221; text_font=&#8221;&#8211;et_global_body_font||||||||&#8221; text_line_height=&#8221;1.5em&#8221; ul_line_height=&#8221;1.7em&#8221; header_font=&#8221;||||||||&#8221; header_2_text_color=&#8221;#1c8e00&#8243; text_orientation=&#8221;justified&#8221; animation_direction=&#8221;left&#8221; text_font_size_tablet=&#8221;22px&#8221; text_font_size_phone=&#8221;21px&#8221; text_font_size_last_edited=&#8221;off|desktop&#8221; global_colors_info=&#8221;{}&#8221;]<\/p>\n<p><b>Experimente a otimiza\u00e7\u00e3o natural com a SwissHydro &#8211; sistemas mais limpos, poupan\u00e7as mais inteligentes e um futuro mais verde.<\/b><\/p>\n<p>[\/et_pb_text][\/et_pb_column][\/et_pb_row][et_pb_row column_structure=&#8221;1_2,1_2&#8243; _builder_version=&#8221;4.27.4&#8243; _module_preset=&#8221;default&#8221; locked=&#8221;off&#8221; global_colors_info=&#8221;{}&#8221;][et_pb_column type=&#8221;1_2&#8243; _builder_version=&#8221;4.27.4&#8243; _module_preset=&#8221;default&#8221; global_colors_info=&#8221;{}&#8221;][et_pb_button button_url=&#8221;http:\/\/swiss-hydro.ch\/pt-pt&#8221; button_text=&#8221;Visite o website da Swiss Hydro&#8221; button_alignment=&#8221;center&#8221; disabled_on=&#8221;off|off|off&#8221; _builder_version=&#8221;4.27.4&#8243; _module_preset=&#8221;default&#8221; custom_button=&#8221;on&#8221; button_text_size=&#8221;18px&#8221; button_text_color=&#8221;#0c234a&#8221; button_bg_color=&#8221;RGBA(255,255,255,0)&#8221; button_border_width=&#8221;1px&#8221; button_border_color=&#8221;#0c234a&#8221; button_border_radius=&#8221;0px&#8221; button_font=&#8221;&#8211;et_global_body_font|300|||||||&#8221; custom_margin=&#8221;12px||12px||true|false&#8221; locked=&#8221;off&#8221; global_colors_info=&#8221;{}&#8221; button_text_color__hover_enabled=&#8221;on|hover&#8221; button_text_color__hover=&#8221;rgba(25,47,80,0.7)&#8221;][\/et_pb_button][\/et_pb_column][et_pb_column type=&#8221;1_2&#8243; _builder_version=&#8221;4.27.4&#8243; _module_preset=&#8221;default&#8221; global_colors_info=&#8221;{}&#8221;][et_pb_button button_url=&#8221;https:\/\/ecooptimist.com\/pt-pt\/contacto\/#Informations&#8221; button_text=&#8221;Solicite mais informa\u00e7\u00f5es&#8221; button_alignment=&#8221;center&#8221; disabled_on=&#8221;off|off|off&#8221; _builder_version=&#8221;4.27.4&#8243; _module_preset=&#8221;default&#8221; custom_button=&#8221;on&#8221; button_text_size=&#8221;18px&#8221; button_text_color=&#8221;#0c234a&#8221; button_bg_color=&#8221;RGBA(255,255,255,0)&#8221; button_border_width=&#8221;1px&#8221; button_border_color=&#8221;#0c234a&#8221; button_border_radius=&#8221;0px&#8221; button_font=&#8221;&#8211;et_global_body_font|300|||||||&#8221; custom_margin=&#8221;12px||12px||true|false&#8221; locked=&#8221;off&#8221; global_colors_info=&#8221;{}&#8221; button_text_color__hover_enabled=&#8221;on|hover&#8221; button_text_color__hover=&#8221;rgba(25,47,80,0.7)&#8221;][\/et_pb_button][\/et_pb_column][\/et_pb_row][\/et_pb_section]<\/p>\n","protected":false},"excerpt":{"rendered":"<p>O futuro do tratamento natural da \u00e1guaSwissHydro A forma mais inteligente de tratar a \u00e1gua, naturalmenteA SwissHydro \u00e9 uma solu\u00e7\u00e3o revolucion\u00e1ria de tratamento de \u00e1gua que muda a forma como gerimos e protegemos os nossos sistemas de \u00e1gua. Quer seja propriet\u00e1rio de uma casa, de uma empresa ou gestor de instala\u00e7\u00f5es, a SwissHydro oferece uma [&hellip;]<\/p>\n","protected":false},"author":1,"featured_media":0,"parent":0,"menu_order":0,"comment_status":"closed","ping_status":"closed","template":"","meta":{"_et_pb_use_builder":"on","_et_pb_old_content":"","_et_gb_content_width":"","om_disable_all_campaigns":false,"inline_featured_image":false,"_monsterinsights_skip_tracking":false,"_monsterinsights_sitenote_active":false,"_monsterinsights_sitenote_note":"","_monsterinsights_sitenote_category":0,"footnotes":""},"class_list":["post-34319","page","type-page","status-publish","hentry"],"aioseo_notices":[],"_links":{"self":[{"href":"https:\/\/ecooptimist.com\/pt-pt\/wp-json\/wp\/v2\/pages\/34319","targetHints":{"allow":["GET"]}}],"collection":[{"href":"https:\/\/ecooptimist.com\/pt-pt\/wp-json\/wp\/v2\/pages"}],"about":[{"href":"https:\/\/ecooptimist.com\/pt-pt\/wp-json\/wp\/v2\/types\/page"}],"author":[{"embeddable":true,"href":"https:\/\/ecooptimist.com\/pt-pt\/wp-json\/wp\/v2\/users\/1"}],"replies":[{"embeddable":true,"href":"https:\/\/ecooptimist.com\/pt-pt\/wp-json\/wp\/v2\/comments?post=34319"}],"version-history":[{"count":8,"href":"https:\/\/ecooptimist.com\/pt-pt\/wp-json\/wp\/v2\/pages\/34319\/revisions"}],"predecessor-version":[{"id":34611,"href":"https:\/\/ecooptimist.com\/pt-pt\/wp-json\/wp\/v2\/pages\/34319\/revisions\/34611"}],"wp:attachment":[{"href":"https:\/\/ecooptimist.com\/pt-pt\/wp-json\/wp\/v2\/media?parent=34319"}],"curies":[{"name":"wp","href":"https:\/\/api.w.org\/{rel}","templated":true}]}}