{"id":34315,"date":"2025-04-11T00:24:30","date_gmt":"2025-04-10T22:24:30","guid":{"rendered":"https:\/\/ecooptimist.com\/ertec\/"},"modified":"2025-05-08T11:01:00","modified_gmt":"2025-05-08T09:01:00","slug":"ertec","status":"publish","type":"page","link":"https:\/\/ecooptimist.com\/pt-pt\/ertec\/","title":{"rendered":"Ertec"},"content":{"rendered":"<p>[et_pb_section fb_built=&#8221;1&#8243; fullwidth=&#8221;on&#8221; _builder_version=&#8221;4.27.4&#8243; _module_preset=&#8221;default&#8221; background_color=&#8221;#000000&#8243; background_video_mp4=&#8221;https:\/\/ecooptimist.com\/wp-content\/uploads\/2025\/05\/Ertec_Villas-Compr.mp4&#8243; global_colors_info=&#8221;{}&#8221;][et_pb_fullwidth_slider show_arrows=&#8221;off&#8221; show_pagination=&#8221;off&#8221; _builder_version=&#8221;4.27.4&#8243; _module_preset=&#8221;default&#8221; animation_style=&#8221;fade&#8221; animation_duration=&#8221;0ms&#8221; animation_starting_opacity=&#8221;100%&#8221; animation_repeat=&#8221;loop&#8221; auto=&#8221;on&#8221; auto_speed=&#8221;4000&#8243; auto_ignore_hover=&#8221;on&#8221; hover_transition_duration=&#8221;1000ms&#8221; hover_transition_speed_curve=&#8221;linear&#8221; hover_enabled=&#8221;0&#8243; custom_css_slide_description=&#8221;animation-name: none;&#8221; body_text_shadow_style=&#8221;preset2&#8243; global_colors_info=&#8221;{}&#8221; sticky_enabled=&#8221;0&#8243;][et_pb_slide use_bg_overlay=&#8221;off&#8221; use_text_overlay=&#8221;off&#8221; _builder_version=&#8221;4.27.4&#8243; _module_preset=&#8221;default&#8221; header_font=&#8221;Spectral||||||||&#8221; header_font_size=&#8221;80px&#8221; background_enable_color=&#8221;off&#8221; use_background_color_gradient=&#8221;on&#8221; background_color_gradient_stops=&#8221;rgba(0,0,0,0.3) 0%|rgba(0,0,0,0) 100%&#8221; background_color_gradient_overlays_image=&#8221;on&#8221; background_enable_image=&#8221;off&#8221; width=&#8221;100%&#8221; hover_transition_duration=&#8221;0ms&#8221; hover_transition_speed_curve=&#8221;linear&#8221; hover_enabled=&#8221;0&#8243; custom_css_free_form=&#8221; .gradient-text {||            background: radial-gradient(circle, #FFF000,  #7DA826, #A4D11D);||            -webkit-background-clip: text;||            -webkit-text-fill-color: transparent;||            display: inline-block;||   padding-top:60px;||        }&#8221; custom_css_slide_image=&#8221;animation-name:none;&#8221; global_colors_info=&#8221;{}&#8221; sticky_transition=&#8221;on&#8221; sticky_enabled=&#8221;0&#8243;]<\/p>\n<p><img decoding=\"async\" src=\"https:\/\/ecooptimist.com\/wp-content\/uploads\/2025\/04\/Logo-Ertec-vert-1-png.webp\" width=\"480\" height=\"auto\"><\/p>\n<h4 class=\"gradient-text\">ESPECIALISTAS EM EFICI\u00caNCIA ENERG\u00c9TICA<\/h4>\n<p>[\/et_pb_slide][\/et_pb_fullwidth_slider][\/et_pb_section][et_pb_section fb_built=&#8221;1&#8243; disabled_on=&#8221;off|off|off&#8221; admin_label=&#8221;About Section&#8221; _builder_version=&#8221;4.27.4&#8243; _module_preset=&#8221;default&#8221; background_color=&#8221;#faf4e3&#8243; background_enable_image=&#8221;off&#8221; parallax=&#8221;on&#8221; background_enable_video_mp4=&#8221;off&#8221; locked=&#8221;off&#8221; global_colors_info=&#8221;{}&#8221;][et_pb_row disabled_on=&#8221;off|off|off&#8221; admin_label=&#8221;Sobre n\u00f3s&#8221; _builder_version=&#8221;4.27.4&#8243; _module_preset=&#8221;default&#8221; background_enable_color=&#8221;off&#8221; width=&#8221;100%&#8221; width_tablet=&#8221;100%&#8221; width_phone=&#8221;100%&#8221; width_last_edited=&#8221;on|tablet&#8221; max_width=&#8221;100%&#8221; max_width_tablet=&#8221;100%&#8221; max_width_phone=&#8221;100%&#8221; max_width_last_edited=&#8221;on|phone&#8221; min_height=&#8221;75vh&#8221; custom_padding=&#8221;0%|10%|0%|10%|true|true&#8221; animation_style=&#8221;fade&#8221; custom_css_main_element=&#8221;display: flex;||  align-items: center;&#8221; global_colors_info=&#8221;{}&#8221; custom_css_main_element_last_edited=&#8221;on|tablet&#8221; custom_css_main_element_tablet=&#8221;min-width:100%;&#8221; custom_css_main_element_phone=&#8221;min-width:100%;&#8221;][et_pb_column type=&#8221;4_4&#8243; _builder_version=&#8221;4.27.4&#8243; _module_preset=&#8221;default&#8221; custom_padding=&#8221;|||&#8221; global_colors_info=&#8221;{}&#8221; custom_padding__hover=&#8221;|||&#8221;][et_pb_text admin_label=&#8221;Title&#8221; _builder_version=&#8221;4.27.4&#8243; _module_preset=&#8221;default&#8221; text_font=&#8221;||||||||&#8221; text_text_color=&#8221;#FFFFFF&#8221; text_font_size=&#8221;24px&#8221; text_line_height=&#8221;1.8em&#8221; header_font=&#8221;||||||||&#8221; header_text_align=&#8221;left&#8221; header_2_font=&#8221;||||||||&#8221; header_2_text_align=&#8221;center&#8221; header_2_font_size=&#8221;60px&#8221; header_2_line_height=&#8221;1.5em&#8221; header_3_text_align=&#8221;justify&#8221; text_orientation=&#8221;justified&#8221; custom_margin=&#8221;0px||0px||false|false&#8221; custom_padding=&#8221;0px||0px||false|false&#8221; animation_direction=&#8221;left&#8221; header_text_align_tablet=&#8221;&#8221; header_text_align_phone=&#8221;&#8221; header_text_align_last_edited=&#8221;on|tablet&#8221; header_2_text_align_tablet=&#8221;left&#8221; header_2_text_align_phone=&#8221;left&#8221; header_2_text_align_last_edited=&#8221;on|desktop&#8221; header_2_font_size_tablet=&#8221;60px&#8221; header_2_font_size_phone=&#8221;48px&#8221; header_2_font_size_last_edited=&#8221;on|phone&#8221; header_3_text_align_tablet=&#8221;left&#8221; header_3_text_align_phone=&#8221;left&#8221; header_3_text_align_last_edited=&#8221;on|tablet&#8221; header_3_font_size_tablet=&#8221;&#8221; header_3_font_size_phone=&#8221;18px&#8221; header_3_font_size_last_edited=&#8221;on|tablet&#8221; global_colors_info=&#8221;{}&#8221;]<\/p>\n<h3>ERTEC<\/h3>\n<h4>Solu\u00e7\u00f5es de energia inteligentes para um futuro mais verde<\/h4>\n<p>[\/et_pb_text][et_pb_text _builder_version=&#8221;4.27.4&#8243; _module_preset=&#8221;default&#8221; text_font=&#8221;&#8211;et_global_body_font||||||||&#8221; text_line_height=&#8221;1.5em&#8221; header_font=&#8221;||||||||&#8221; header_2_text_color=&#8221;#1c8e00&#8243; text_orientation=&#8221;justified&#8221; animation_direction=&#8221;left&#8221; text_font_size_tablet=&#8221;22px&#8221; text_font_size_phone=&#8221;21px&#8221; text_font_size_last_edited=&#8221;off|desktop&#8221; global_colors_info=&#8221;{}&#8221;]<\/p>\n<p>Na<span> <\/span><b>ERTEC<\/b>, somos movidos pela vontade de o ajudar a viver e a trabalhar de forma mais eficiente &#8211; e mais sustent\u00e1vel. Com o apoio de anos de <span> <\/span><b>excel\u00eancia em engenharia<\/b>, a nossa miss\u00e3o \u00e9 tornar a vida inteligente em termos energ\u00e9ticos acess\u00edvel a propriet\u00e1rios de casas, empresas e ind\u00fastrias.<\/p>\n<p>Somos especializados em<span> <\/span><b>solu\u00e7\u00f5es energ\u00e9ticas personalizadas<\/b><span> <\/span>, concebidas para reduzir as facturas de energia, reduzir o impacto ambiental e melhorar o conforto e o desempenho. Quer pretenda atualizar o sistema de energia da sua <span> <\/span><b>casa<\/b>, otimizar a utiliza\u00e7\u00e3o de energia num<span> <\/span><b>complexo residencial<\/b> ou melhorar a efici\u00eancia nas suas<span> <\/span><b>instala\u00e7\u00f5es industriais<\/b>, a ERTEC tem as ferramentas, a tecnologia e a experi\u00eancia para obter resultados.<\/p>\n<p>[\/et_pb_text][et_pb_text _builder_version=&#8221;4.27.4&#8243; _module_preset=&#8221;default&#8221; text_font=&#8221;&#8211;et_global_body_font||||||||&#8221; text_line_height=&#8221;1.5em&#8221; ul_text_align=&#8221;left&#8221; ul_line_height=&#8221;1.7em&#8221; header_font=&#8221;||||||||&#8221; header_2_text_color=&#8221;#1c8e00&#8243; text_orientation=&#8221;justified&#8221; animation_direction=&#8221;left&#8221; global_colors_info=&#8221;{}&#8221;]<\/p>\n<p>Os nossos servi\u00e7os incluem:<\/p>\n<ul>\n<li>\n<p><b>An\u00e1lise energ\u00e9tica e conce\u00e7\u00e3o de sistemas<\/b><span> <\/span>adaptados \u00e0s suas necessidades espec\u00edficas<\/p>\n<\/li>\n<li>\n<p><b>Instala\u00e7\u00e3o de tecnologias avan\u00e7adas de poupan\u00e7a de energia<\/b><\/p>\n<\/li>\n<li>\n<p><b>Distribui\u00e7\u00e3o de sistemas de elevado desempenho e amigos do ambiente<\/b><\/p>\n<\/li>\n<li>\n<p>Apoio cont\u00ednuo para garantir o<span> <\/span><b>desempenho e as poupan\u00e7as a longo prazo<\/b><\/p>\n<\/li>\n<\/ul>\n<p>[\/et_pb_text][et_pb_text _builder_version=&#8221;4.27.4&#8243; _module_preset=&#8221;default&#8221; text_font=&#8221;&#8211;et_global_body_font||||||||&#8221; text_line_height=&#8221;1.5em&#8221; ul_line_height=&#8221;1.7em&#8221; header_font=&#8221;||||||||&#8221; header_2_text_color=&#8221;#1c8e00&#8243; text_orientation=&#8221;justified&#8221; animation_direction=&#8221;left&#8221; text_font_size_tablet=&#8221;22px&#8221; text_font_size_phone=&#8221;21px&#8221; text_font_size_last_edited=&#8221;off|desktop&#8221; global_colors_info=&#8221;{}&#8221;]<\/p>\n<p>Desde a <b>energia solar <\/b>e integra\u00e7\u00e3o de <b>redes inteligentes <\/b>a <b>sistemas eficientes de aquecimento, arrefecimento e ventila\u00e7\u00e3o<\/b>, a ERTEC trabalha com produtos e parceiros de topo para garantir que obt\u00e9m o <b>melhor valor, fiabilidade e sustentabilidade.<\/b><\/p>\n<p>N\u00e3o h\u00e1 dois clientes iguais &#8211; \u00e9 por isso que adoptamos uma <b>abordagem personalizada e centrada no projeto<\/b>, avaliando cuidadosamente os seus objectivos e construindo a solu\u00e7\u00e3o ideal para os atingir. Quer se trate de uma casa acolhedora ou de uma instala\u00e7\u00e3o industrial de grande escala, a ERTEC ajuda-o a assumir o controlo do seu futuro energ\u00e9tico. <\/p>\n<p>[\/et_pb_text][et_pb_text _builder_version=&#8221;4.27.4&#8243; _module_preset=&#8221;default&#8221; text_font=&#8221;&#8211;et_global_body_font||||||||&#8221; text_line_height=&#8221;1.5em&#8221; ul_line_height=&#8221;1.7em&#8221; header_font=&#8221;||||||||&#8221; header_2_text_color=&#8221;#1c8e00&#8243; text_orientation=&#8221;justified&#8221; animation_direction=&#8221;left&#8221; text_font_size_tablet=&#8221;22px&#8221; text_font_size_phone=&#8221;21px&#8221; text_font_size_last_edited=&#8221;off|desktop&#8221; global_colors_info=&#8221;{}&#8221;]<\/p>\n<p><span>Vamos construir juntos um mundo mais eficiente.<\/span><\/p>\n<p>[\/et_pb_text][\/et_pb_column][\/et_pb_row][et_pb_row column_structure=&#8221;1_2,1_2&#8243; _builder_version=&#8221;4.27.4&#8243; _module_preset=&#8221;default&#8221; locked=&#8221;off&#8221; global_colors_info=&#8221;{}&#8221;][et_pb_column type=&#8221;1_2&#8243; _builder_version=&#8221;4.27.4&#8243; _module_preset=&#8221;default&#8221; global_colors_info=&#8221;{}&#8221;][et_pb_button button_url=&#8221;http:\/\/ertec.pt&#8221; button_text=&#8221;Visite o website da Ertec&#8221; button_alignment=&#8221;center&#8221; disabled_on=&#8221;off|off|off&#8221; _builder_version=&#8221;4.27.4&#8243; _module_preset=&#8221;default&#8221; custom_button=&#8221;on&#8221; button_text_size=&#8221;18px&#8221; button_text_color=&#8221;#0c234a&#8221; button_bg_color=&#8221;RGBA(255,255,255,0)&#8221; button_border_width=&#8221;1px&#8221; button_border_color=&#8221;#0c234a&#8221; button_border_radius=&#8221;0px&#8221; button_font=&#8221;&#8211;et_global_body_font|300|||||||&#8221; custom_margin=&#8221;12px||12px||true|false&#8221; locked=&#8221;off&#8221; global_colors_info=&#8221;{}&#8221; button_text_color__hover_enabled=&#8221;on|hover&#8221; button_text_color__hover=&#8221;rgba(25,47,80,0.7)&#8221;][\/et_pb_button][\/et_pb_column][et_pb_column type=&#8221;1_2&#8243; _builder_version=&#8221;4.27.4&#8243; _module_preset=&#8221;default&#8221; global_colors_info=&#8221;{}&#8221;][et_pb_button button_url=&#8221;https:\/\/ecooptimist.com\/pt-pt\/contacto\/#Informations&#8221; button_text=&#8221;Solicite mais informa\u00e7\u00f5es&#8221; button_alignment=&#8221;center&#8221; disabled_on=&#8221;off|off|off&#8221; _builder_version=&#8221;4.27.4&#8243; _module_preset=&#8221;default&#8221; custom_button=&#8221;on&#8221; button_text_size=&#8221;18px&#8221; button_text_color=&#8221;#0c234a&#8221; button_bg_color=&#8221;RGBA(255,255,255,0)&#8221; button_border_width=&#8221;1px&#8221; button_border_color=&#8221;#0c234a&#8221; button_border_radius=&#8221;0px&#8221; button_font=&#8221;&#8211;et_global_body_font|300|||||||&#8221; custom_margin=&#8221;12px||12px||true|false&#8221; locked=&#8221;off&#8221; global_colors_info=&#8221;{}&#8221; button_text_color__hover_enabled=&#8221;on|hover&#8221; button_text_color__hover=&#8221;rgba(25,47,80,0.7)&#8221;][\/et_pb_button][\/et_pb_column][\/et_pb_row][\/et_pb_section]<\/p>\n","protected":false},"excerpt":{"rendered":"<p>ESPECIALISTAS EM EFICI\u00caNCIA ENERG\u00c9TICAERTEC Solu\u00e7\u00f5es de energia inteligentes para um futuro mais verdeNa ERTEC, somos movidos pela vontade de o ajudar a viver e a trabalhar de forma mais eficiente &#8211; e mais sustent\u00e1vel. Com o apoio de anos de excel\u00eancia em engenharia, a nossa miss\u00e3o \u00e9 tornar a vida inteligente em termos energ\u00e9ticos acess\u00edvel [&hellip;]<\/p>\n","protected":false},"author":1,"featured_media":0,"parent":0,"menu_order":0,"comment_status":"closed","ping_status":"closed","template":"","meta":{"_et_pb_use_builder":"on","_et_pb_old_content":"","_et_gb_content_width":"","om_disable_all_campaigns":false,"inline_featured_image":false,"_monsterinsights_skip_tracking":false,"_monsterinsights_sitenote_active":false,"_monsterinsights_sitenote_note":"","_monsterinsights_sitenote_category":0,"footnotes":""},"class_list":["post-34315","page","type-page","status-publish","hentry"],"aioseo_notices":[],"_links":{"self":[{"href":"https:\/\/ecooptimist.com\/pt-pt\/wp-json\/wp\/v2\/pages\/34315","targetHints":{"allow":["GET"]}}],"collection":[{"href":"https:\/\/ecooptimist.com\/pt-pt\/wp-json\/wp\/v2\/pages"}],"about":[{"href":"https:\/\/ecooptimist.com\/pt-pt\/wp-json\/wp\/v2\/types\/page"}],"author":[{"embeddable":true,"href":"https:\/\/ecooptimist.com\/pt-pt\/wp-json\/wp\/v2\/users\/1"}],"replies":[{"embeddable":true,"href":"https:\/\/ecooptimist.com\/pt-pt\/wp-json\/wp\/v2\/comments?post=34315"}],"version-history":[{"count":6,"href":"https:\/\/ecooptimist.com\/pt-pt\/wp-json\/wp\/v2\/pages\/34315\/revisions"}],"predecessor-version":[{"id":34605,"href":"https:\/\/ecooptimist.com\/pt-pt\/wp-json\/wp\/v2\/pages\/34315\/revisions\/34605"}],"wp:attachment":[{"href":"https:\/\/ecooptimist.com\/pt-pt\/wp-json\/wp\/v2\/media?parent=34315"}],"curies":[{"name":"wp","href":"https:\/\/api.w.org\/{rel}","templated":true}]}}