{"id":34304,"date":"2025-04-11T00:21:15","date_gmt":"2025-04-10T22:21:15","guid":{"rendered":"https:\/\/ecooptimist.com\/missao-e-valores\/"},"modified":"2025-05-12T13:41:30","modified_gmt":"2025-05-12T11:41:30","slug":"missao-e-valores","status":"publish","type":"page","link":"https:\/\/ecooptimist.com\/pt-pt\/missao-e-valores\/","title":{"rendered":"MISS\u00c3O E VALORES"},"content":{"rendered":"<p>[et_pb_section fb_built=&#8221;1&#8243; _builder_version=&#8221;4.27.4&#8243; _module_preset=&#8221;default&#8221; background_color=&#8221;#000000&#8243; background_enable_image=&#8221;off&#8221; background_video_mp4=&#8221;https:\/\/ecooptimist.com\/wp-content\/uploads\/2025\/04\/Welcome-to-the-futur.mp4&#8243; custom_margin=&#8221;||||false|false&#8221; custom_padding=&#8221;0px||0px||true|false&#8221; locked=&#8221;off&#8221; global_colors_info=&#8221;{}&#8221;][et_pb_row _builder_version=&#8221;4.27.4&#8243; _module_preset=&#8221;default&#8221; background_color=&#8221;rgba(0,0,0,0.5)&#8221; width=&#8221;100%&#8221; max_width=&#8221;100%&#8221; min_height=&#8221;100vh&#8221; custom_padding=&#8221;|20%||20%|false|true&#8221; hover_enabled=&#8221;0&#8243; custom_css_main_element=&#8221;display:flex;||align-items:center;&#8221; global_colors_info=&#8221;{}&#8221; sticky_enabled=&#8221;0&#8243;][et_pb_column type=&#8221;4_4&#8243; _builder_version=&#8221;4.27.4&#8243; _module_preset=&#8221;default&#8221; global_colors_info=&#8221;{}&#8221;][et_pb_image src=&#8221;https:\/\/ecooptimist.com\/wp-content\/uploads\/2025\/04\/Logo-png.webp&#8221; title_text=&#8221;Logo&#8221; align=&#8221;center&#8221; _builder_version=&#8221;4.27.4&#8243; _module_preset=&#8221;default&#8221; width=&#8221;25%&#8221; width_tablet=&#8221;40%&#8221; width_phone=&#8221;45%&#8221; width_last_edited=&#8221;on|phone&#8221; global_colors_info=&#8221;{}&#8221;][\/et_pb_image][\/et_pb_column][\/et_pb_row][\/et_pb_section][et_pb_section fb_built=&#8221;1&#8243; _builder_version=&#8221;4.27.4&#8243; _module_preset=&#8221;default&#8221; background_color=&#8221;#faf4e3&#8243; custom_padding=&#8221;0px|||||&#8221; global_colors_info=&#8221;{}&#8221;][et_pb_row _builder_version=&#8221;4.27.4&#8243; _module_preset=&#8221;default&#8221; max_width=&#8221;80%&#8221; global_colors_info=&#8221;{}&#8221;][et_pb_column type=&#8221;4_4&#8243; _builder_version=&#8221;4.27.4&#8243; _module_preset=&#8221;default&#8221; global_colors_info=&#8221;{}&#8221;][et_pb_text _builder_version=&#8221;4.27.4&#8243; _module_preset=&#8221;default&#8221; text_font=&#8221;&#8211;et_global_body_font||||||||&#8221; header_2_font=&#8221;|||on|||||&#8221; header_3_font=&#8221;&#8211;et_global_body_font||||||||&#8221; header_3_text_color=&#8221;rgba(25,47,80,0.7)&#8221; header_3_font_size=&#8221;24px&#8221; custom_padding=&#8221;12px|12px|12px|12px|true|true&#8221; custom_css_main_element=&#8221;min-height:160px&#8221; border_color_all=&#8221;rgba(25,47,80,0.7)&#8221; global_colors_info=&#8221;{}&#8221; transform_styles__hover_enabled=&#8221;off|hover&#8221; transform_scale__hover_enabled=&#8221;off|hover&#8221; transform_translate__hover_enabled=&#8221;off|hover&#8221; transform_rotate__hover_enabled=&#8221;off|hover&#8221; transform_skew__hover_enabled=&#8221;off|hover&#8221; transform_origin__hover_enabled=&#8221;off|hover&#8221;]<\/p>\n<h2>MISS\u00c3O<\/h2>\n<p>A miss\u00e3o da Eco Optimist \u00e9 propor solu\u00e7\u00f5es eficazes para responder \u00e0s preocupa\u00e7\u00f5es ecol\u00f3gicas quotidianas no sector da habita\u00e7\u00e3o; Constru\u00e7\u00e3o &#8211; energia &#8211; \u00e1gua.<\/p>\n<p>[\/et_pb_text][et_pb_text _builder_version=&#8221;4.27.4&#8243; _module_preset=&#8221;default&#8221; text_font=&#8221;&#8211;et_global_body_font||||||||&#8221; header_2_font=&#8221;|||on|||||&#8221; header_3_font=&#8221;&#8211;et_global_body_font||||||||&#8221; header_3_text_color=&#8221;rgba(25,47,80,0.7)&#8221; header_3_font_size=&#8221;24px&#8221; custom_padding=&#8221;12px|12px|12px|12px|true|true&#8221; custom_css_main_element=&#8221;min-height:160px&#8221; border_color_all=&#8221;rgba(25,47,80,0.7)&#8221; global_colors_info=&#8221;{}&#8221; transform_styles__hover_enabled=&#8221;off|hover&#8221; transform_scale__hover_enabled=&#8221;off|hover&#8221; transform_translate__hover_enabled=&#8221;off|hover&#8221; transform_rotate__hover_enabled=&#8221;off|hover&#8221; transform_skew__hover_enabled=&#8221;off|hover&#8221; transform_origin__hover_enabled=&#8221;off|hover&#8221;]<\/p>\n<h2>VALORES<\/h2>\n<p>A Eco Optimist quer posicionar-se como uma refer\u00eancia mundial em solu\u00e7\u00f5es ecol\u00f3gicas, criando um futuro onde a harmonia entre o progresso e a natureza seja uma realidade acess\u00edvel a todos<\/p>\n<p>[\/et_pb_text][\/et_pb_column][\/et_pb_row][\/et_pb_section][et_pb_section fb_built=&#8221;1&#8243; _builder_version=&#8221;4.27.4&#8243; _module_preset=&#8221;default&#8221; background_color=&#8221;#faf4e3&#8243; global_colors_info=&#8221;{}&#8221;][et_pb_row _builder_version=&#8221;4.27.4&#8243; _module_preset=&#8221;default&#8221; max_width=&#8221;80%&#8221; global_colors_info=&#8221;{}&#8221;][et_pb_column type=&#8221;4_4&#8243; _builder_version=&#8221;4.27.4&#8243; _module_preset=&#8221;default&#8221; global_colors_info=&#8221;{}&#8221;][et_pb_text _builder_version=&#8221;4.27.4&#8243; _module_preset=&#8221;default&#8221; text_font=&#8221;&#8211;et_global_body_font||||||||&#8221; text_line_height=&#8221;1.6em&#8221; header_font=&#8221;||||||||&#8221; header_2_font=&#8221;||||||||&#8221; text_orientation=&#8221;justified&#8221; text_font_size_tablet=&#8221;22px&#8221; text_font_size_phone=&#8221;21px&#8221; text_font_size_last_edited=&#8221;on|phone&#8221; global_colors_info=&#8221;{}&#8221;]<\/p>\n<p>A Eco Optimist \u00e9 uma marca premium que oferece solu\u00e7\u00f5es inovadoras e eco-respons\u00e1veis para indiv\u00edduos e empresas que d\u00e3o prioridade \u00e0 sustentabilidade, \u00e0 qualidade e ao impacto a longo prazo. Posicionada como especialista em vida ecol\u00f3gica, fornece produtos de \u00faltima gera\u00e7\u00e3o, aconselhamento personalizado, servi\u00e7o r\u00e1pido e uma forte base \u00e9tica. Ao combinar tecnologia e sustentabilidade, a Eco Optimist apela a um p\u00fablico moderno que procura formas de vida mais inteligentes e respons\u00e1veis. Desde os pain\u00e9is solares \u00e0 filtragem de \u00e1gua de alta qualidade e \u00e0 constru\u00e7\u00e3o sustent\u00e1vel, a marca encarna um compromisso com uma vida consciente, onde a responsabilidade ambiental se alia \u00e0 excel\u00eancia funcional.<\/p>\n<p>Com uma precis\u00e3o de qualidade su\u00ed\u00e7a e uma mentalidade voltada para o futuro, a Eco Optimist reflecte uma profunda dedica\u00e7\u00e3o ao planeta e \u00e0s gera\u00e7\u00f5es futuras. Ao fornecer de forma consistente solu\u00e7\u00f5es aut\u00eanticas e com impacto, a marca estabelece-se como um l\u00edder de confian\u00e7a na vida sustent\u00e1vel.<\/p>\n<p>[\/et_pb_text][et_pb_button button_url=&#8221;https:\/\/ecooptimist.com\/pt-pt\/contacto\/&#8221; button_text=&#8221;Contactar-nos&#8221; button_alignment=&#8221;right&#8221; disabled_on=&#8221;off|off|off&#8221; _builder_version=&#8221;4.27.4&#8243; _module_preset=&#8221;default&#8221; custom_button=&#8221;on&#8221; button_text_size=&#8221;18px&#8221; button_text_color=&#8221;#0c234a&#8221; button_bg_color=&#8221;RGBA(255,255,255,0)&#8221; button_border_width=&#8221;1px&#8221; button_border_color=&#8221;#0c234a&#8221; button_border_radius=&#8221;0px&#8221; button_font=&#8221;&#8211;et_global_body_font|300|||||||&#8221; custom_margin=&#8221;12px||12px||true|false&#8221; button_text_color_last_edited=&#8221;off|desktop&#8221; locked=&#8221;off&#8221; global_colors_info=&#8221;{}&#8221; button_text_color__hover_enabled=&#8221;on|hover&#8221; button_text_color__hover=&#8221;#0c234a&#8221;][\/et_pb_button][\/et_pb_column][\/et_pb_row][\/et_pb_section]<\/p>\n","protected":false},"excerpt":{"rendered":"<p>MISS\u00c3O A miss\u00e3o da Eco Optimist \u00e9 propor solu\u00e7\u00f5es eficazes para responder \u00e0s preocupa\u00e7\u00f5es ecol\u00f3gicas quotidianas no sector da habita\u00e7\u00e3o; Constru\u00e7\u00e3o &#8211; energia &#8211; \u00e1gua.VALORES A Eco Optimist quer posicionar-se como uma refer\u00eancia mundial em solu\u00e7\u00f5es ecol\u00f3gicas, criando um futuro onde a harmonia entre o progresso e a natureza seja uma realidade acess\u00edvel a todosA [&hellip;]<\/p>\n","protected":false},"author":1,"featured_media":0,"parent":0,"menu_order":0,"comment_status":"closed","ping_status":"closed","template":"","meta":{"_et_pb_use_builder":"on","_et_pb_old_content":"","_et_gb_content_width":"","om_disable_all_campaigns":false,"inline_featured_image":false,"_monsterinsights_skip_tracking":false,"_monsterinsights_sitenote_active":false,"_monsterinsights_sitenote_note":"","_monsterinsights_sitenote_category":0,"footnotes":""},"class_list":["post-34304","page","type-page","status-publish","hentry"],"aioseo_notices":[],"_links":{"self":[{"href":"https:\/\/ecooptimist.com\/pt-pt\/wp-json\/wp\/v2\/pages\/34304","targetHints":{"allow":["GET"]}}],"collection":[{"href":"https:\/\/ecooptimist.com\/pt-pt\/wp-json\/wp\/v2\/pages"}],"about":[{"href":"https:\/\/ecooptimist.com\/pt-pt\/wp-json\/wp\/v2\/types\/page"}],"author":[{"embeddable":true,"href":"https:\/\/ecooptimist.com\/pt-pt\/wp-json\/wp\/v2\/users\/1"}],"replies":[{"embeddable":true,"href":"https:\/\/ecooptimist.com\/pt-pt\/wp-json\/wp\/v2\/comments?post=34304"}],"version-history":[{"count":17,"href":"https:\/\/ecooptimist.com\/pt-pt\/wp-json\/wp\/v2\/pages\/34304\/revisions"}],"predecessor-version":[{"id":34648,"href":"https:\/\/ecooptimist.com\/pt-pt\/wp-json\/wp\/v2\/pages\/34304\/revisions\/34648"}],"wp:attachment":[{"href":"https:\/\/ecooptimist.com\/pt-pt\/wp-json\/wp\/v2\/media?parent=34304"}],"curies":[{"name":"wp","href":"https:\/\/api.w.org\/{rel}","templated":true}]}}