{"id":34621,"date":"2023-10-09T00:33:47","date_gmt":"2023-10-08T22:33:47","guid":{"rendered":"https:\/\/ecooptimist.com\/politique-de-confidentialite\/"},"modified":"2025-05-08T11:17:27","modified_gmt":"2025-05-08T09:17:27","slug":"politique-de-confidentialite","status":"publish","type":"page","link":"https:\/\/ecooptimist.com\/fr\/politique-de-confidentialite\/","title":{"rendered":"Politique de confidentialit\u00e9"},"content":{"rendered":"<p>[et_pb_section fb_built=\u00a0\u00bb1&Prime; admin_label=\u00a0\u00bbsection\u00a0\u00bb _builder_version=\u00a0\u00bb4.16&Prime; global_colors_info=\u00a0\u00bb{}\u00a0\u00bb][et_pb_row admin_label=\u00a0\u00bbrow\u00a0\u00bb _builder_version=\u00a0\u00bb4.16&Prime; background_size=\u00a0\u00bbinitial\u00a0\u00bb background_position=\u00a0\u00bbtop_left\u00a0\u00bb background_repeat=\u00a0\u00bbrepeat\u00a0\u00bb global_colors_info=\u00a0\u00bb{}\u00a0\u00bb][et_pb_column type=\u00a0\u00bb4_4&Prime; _builder_version=\u00a0\u00bb4.16&Prime; custom_padding=\u00a0\u00bb|||\u00a0\u00bb global_colors_info=\u00a0\u00bb{}\u00a0\u00bb custom_padding__hover=\u00a0\u00bb|||\u00a0\u00bb][et_pb_text admin_label=\u00a0\u00bbText\u00a0\u00bb _builder_version=\u00a0\u00bb4.27.4&Prime; header_text_align=\u00a0\u00bbcenter\u00a0\u00bb background_size=\u00a0\u00bbinitial\u00a0\u00bb background_position=\u00a0\u00bbtop_left\u00a0\u00bb background_repeat=\u00a0\u00bbrepeat\u00a0\u00bb global_colors_info=\u00a0\u00bb{}\u00a0\u00bb]<\/p>\n<p>&nbsp;<\/p>\n<h1 data-pm-slice=\"1 1 []\">Politique de confidentialit\u00e9<\/h1>\n<p>&nbsp;<\/p>\n<p><strong>Date d&rsquo;entr\u00e9e en vigueur :<\/strong> 31 mars 2025<\/p>\n<p>Eco Optimist Ldt s&rsquo;engage \u00e0 prot\u00e9ger votre vie priv\u00e9e. Cette politique de confidentialit\u00e9 explique comment nous collectons, utilisons et prot\u00e9geons vos informations personnelles lorsque vous interagissez avec nos services.<\/p>\n<p><strong>1. Informations que nous collectons<br \/><\/strong>Nous pouvons collecter les types d&rsquo;informations suivants :<\/p>\n<ul data-spread=\"false\">\n<li>Informations personnelles que vous fournissez (par exemple, nom, adresse e-mail, num\u00e9ro de t\u00e9l\u00e9phone) lorsque vous nous contactez ou utilisez nos services.<\/li>\n<li>Informations collect\u00e9es automatiquement (par exemple, adresse IP, type de navigateur, cookies) lorsque vous visitez notre site Web.<\/li>\n<\/ul>\n<p><strong>2. Utilisation de vos informations<br \/><\/strong>Nous utilisons les informations collect\u00e9es pour :<\/p>\n<ul data-spread=\"false\">\n<li>Fournir, exploiter et am\u00e9liorer nos services.<\/li>\n<li>R\u00e9pondre aux demandes de renseignements et communiquer avec vous.<\/li>\n<li>Am\u00e9liorez l\u2019exp\u00e9rience utilisateur et les fonctionnalit\u00e9s du site Web.<\/li>\n<li>Se conformer aux obligations l\u00e9gales.<\/li>\n<\/ul>\n<p><strong>3. Partage d&rsquo;informations<br \/><\/strong>Nous ne vendons, n&rsquo;\u00e9changeons ni ne louons vos informations personnelles \u00e0 des tiers. Toutefois, nous pouvons partager vos informations avec des partenaires de confiance qui nous aident \u00e0 fournir des services, sous r\u00e9serve d&rsquo;accords de confidentialit\u00e9. Nous pouvons \u00e9galement divulguer des informations si la loi l\u2019exige.<\/p>\n<p><strong>4. S\u00e9curit\u00e9 des donn\u00e9es<br \/><\/strong>Nous mettons en \u0153uvre des mesures de s\u00e9curit\u00e9 appropri\u00e9es pour prot\u00e9ger vos informations personnelles contre tout acc\u00e8s, modification ou divulgation non autoris\u00e9s. Cependant, aucune m\u00e9thode de transmission sur Internet n\u2019est s\u00fbre \u00e0 100 %.<\/p>\n<p><strong>5. Vos droits<br \/><\/strong>Selon votre juridiction, vous pouvez avoir droit \u00e0 :<\/p>\n<ul data-spread=\"false\">\n<li>Acc\u00e9dez, corrigez ou supprimez vos informations personnelles.<\/li>\n<li>Retirer le consentement pour certaines activit\u00e9s de traitement de donn\u00e9es.<\/li>\n<li>D\u00e9sactiver les communications marketing.<\/li>\n<\/ul>\n<p>Pour exercer ces droits, veuillez nous contacter \u00e0 [Vos coordonn\u00e9es].<\/p>\n<p><strong>6. Liens vers des sites tiers<br \/><\/strong>Notre site web peut contenir des liens vers des sites web externes. Nous ne sommes pas responsables des pratiques de confidentialit\u00e9 de ces tiers.<\/p>\n<p><strong>7. Mises \u00e0 jour de la pr\u00e9sente Politique<br \/><\/strong>Nous sommes susceptibles de mettre \u00e0 jour p\u00e9riodiquement la pr\u00e9sente Politique de confidentialit\u00e9. La derni\u00e8re version sera toujours disponible sur notre site Web avec la date d&rsquo;entr\u00e9e en vigueur mise \u00e0 jour.<\/p>\n<p><strong>8. Nous contacter<br \/><\/strong>Pour toute question concernant la pr\u00e9sente Politique de confidentialit\u00e9, veuillez <a href=\"https:\/\/eco.laurent-cornalino.com\/contact\/\">nous contacter<\/a>.<\/p>\n<p>&nbsp;<\/p>\n<p>&nbsp;<\/p>\n<p>[\/et_pb_text][\/et_pb_column][\/et_pb_row][\/et_pb_section]<\/p>\n","protected":false},"excerpt":{"rendered":"<p>&nbsp; Politique de confidentialit\u00e9 &nbsp; Date d&rsquo;entr\u00e9e en vigueur : 31 mars 2025 Eco Optimist Ldt s&rsquo;engage \u00e0 prot\u00e9ger votre vie priv\u00e9e. Cette politique de confidentialit\u00e9 explique comment nous collectons, utilisons et prot\u00e9geons vos informations personnelles lorsque vous interagissez avec nos services. 1. Informations que nous collectonsNous pouvons collecter les types d&rsquo;informations suivants : Informations [&hellip;]<\/p>\n","protected":false},"author":1,"featured_media":0,"parent":0,"menu_order":0,"comment_status":"closed","ping_status":"open","template":"","meta":{"_et_pb_use_builder":"on","_et_pb_old_content":"","_et_gb_content_width":"","om_disable_all_campaigns":false,"inline_featured_image":false,"_monsterinsights_skip_tracking":false,"_monsterinsights_sitenote_active":false,"_monsterinsights_sitenote_note":"","_monsterinsights_sitenote_category":0,"footnotes":""},"class_list":["post-34621","page","type-page","status-publish","hentry"],"aioseo_notices":[],"_links":{"self":[{"href":"https:\/\/ecooptimist.com\/fr\/wp-json\/wp\/v2\/pages\/34621","targetHints":{"allow":["GET"]}}],"collection":[{"href":"https:\/\/ecooptimist.com\/fr\/wp-json\/wp\/v2\/pages"}],"about":[{"href":"https:\/\/ecooptimist.com\/fr\/wp-json\/wp\/v2\/types\/page"}],"author":[{"embeddable":true,"href":"https:\/\/ecooptimist.com\/fr\/wp-json\/wp\/v2\/users\/1"}],"replies":[{"embeddable":true,"href":"https:\/\/ecooptimist.com\/fr\/wp-json\/wp\/v2\/comments?post=34621"}],"version-history":[{"count":2,"href":"https:\/\/ecooptimist.com\/fr\/wp-json\/wp\/v2\/pages\/34621\/revisions"}],"predecessor-version":[{"id":34623,"href":"https:\/\/ecooptimist.com\/fr\/wp-json\/wp\/v2\/pages\/34621\/revisions\/34623"}],"wp:attachment":[{"href":"https:\/\/ecooptimist.com\/fr\/wp-json\/wp\/v2\/media?parent=34621"}],"curies":[{"name":"wp","href":"https:\/\/api.w.org\/{rel}","templated":true}]}}