{"id":34367,"date":"2025-04-11T00:21:15","date_gmt":"2025-04-10T22:21:15","guid":{"rendered":"https:\/\/ecooptimist.com\/mission-valeurs\/"},"modified":"2025-05-08T10:43:59","modified_gmt":"2025-05-08T08:43:59","slug":"mission-valeurs","status":"publish","type":"page","link":"https:\/\/ecooptimist.com\/fr\/mission-valeurs\/","title":{"rendered":"Mission &amp; Valeurs"},"content":{"rendered":"<p>[et_pb_section fb_built=\u00a0\u00bb1&Prime; _builder_version=\u00a0\u00bb4.27.4&Prime; _module_preset=\u00a0\u00bbdefault\u00a0\u00bb background_color=\u00a0\u00bb#000000&Prime; background_enable_image=\u00a0\u00bboff\u00a0\u00bb background_video_mp4=\u00a0\u00bbhttps:\/\/ecooptimist.com\/wp-content\/uploads\/2025\/04\/Welcome-to-the-futur.mp4&Prime; custom_margin=\u00a0\u00bb||||false|false\u00a0\u00bb custom_padding=\u00a0\u00bb0px||0px||true|false\u00a0\u00bb locked=\u00a0\u00bboff\u00a0\u00bb global_colors_info=\u00a0\u00bb{}\u00a0\u00bb][et_pb_row _builder_version=\u00a0\u00bb4.27.4&Prime; _module_preset=\u00a0\u00bbdefault\u00a0\u00bb background_color=\u00a0\u00bbrgba(0,0,0,0.5)\u00a0\u00bb width=\u00a0\u00bb100%\u00a0\u00bb max_width=\u00a0\u00bb100%\u00a0\u00bb min_height=\u00a0\u00bb75vh\u00a0\u00bb custom_padding=\u00a0\u00bb|20%||20%|false|true\u00a0\u00bb hover_enabled=\u00a0\u00bb0&Prime; custom_css_main_element=\u00a0\u00bbdisplay:flex;||align-items:center;\u00a0\u00bb global_colors_info=\u00a0\u00bb{}\u00a0\u00bb sticky_enabled=\u00a0\u00bb0&Prime;][et_pb_column type=\u00a0\u00bb4_4&Prime; _builder_version=\u00a0\u00bb4.27.4&Prime; _module_preset=\u00a0\u00bbdefault\u00a0\u00bb global_colors_info=\u00a0\u00bb{}\u00a0\u00bb][et_pb_image src=\u00a0\u00bbhttps:\/\/ecooptimist.com\/wp-content\/uploads\/2025\/04\/Logo-png.webp\u00a0\u00bb title_text=\u00a0\u00bbLogo\u00a0\u00bb align=\u00a0\u00bbcenter\u00a0\u00bb _builder_version=\u00a0\u00bb4.27.4&Prime; _module_preset=\u00a0\u00bbdefault\u00a0\u00bb width=\u00a0\u00bb25%\u00a0\u00bb width_tablet=\u00a0\u00bb40%\u00a0\u00bb width_phone=\u00a0\u00bb45%\u00a0\u00bb width_last_edited=\u00a0\u00bbon|phone\u00a0\u00bb global_colors_info=\u00a0\u00bb{}\u00a0\u00bb][\/et_pb_image][\/et_pb_column][\/et_pb_row][\/et_pb_section][et_pb_section fb_built=\u00a0\u00bb1&Prime; _builder_version=\u00a0\u00bb4.27.4&Prime; _module_preset=\u00a0\u00bbdefault\u00a0\u00bb background_color=\u00a0\u00bb#faf4e3&Prime; custom_padding=\u00a0\u00bb0px|||||\u00a0\u00bb global_colors_info=\u00a0\u00bb{}\u00a0\u00bb][et_pb_row _builder_version=\u00a0\u00bb4.27.4&Prime; _module_preset=\u00a0\u00bbdefault\u00a0\u00bb max_width=\u00a0\u00bb80%\u00a0\u00bb global_colors_info=\u00a0\u00bb{}\u00a0\u00bb][et_pb_column type=\u00a0\u00bb4_4&Prime; _builder_version=\u00a0\u00bb4.27.4&Prime; _module_preset=\u00a0\u00bbdefault\u00a0\u00bb global_colors_info=\u00a0\u00bb{}\u00a0\u00bb][et_pb_text _builder_version=\u00a0\u00bb4.27.4&Prime; _module_preset=\u00a0\u00bbdefault\u00a0\u00bb text_font=\u00a0\u00bb&#8211;et_global_body_font||||||||\u00a0\u00bb header_2_font=\u00a0\u00bb|||on|||||\u00a0\u00bb header_3_font=\u00a0\u00bb&#8211;et_global_body_font||||||||\u00a0\u00bb header_3_text_color=\u00a0\u00bbrgba(25,47,80,0.7)\u00a0\u00bb header_3_font_size=\u00a0\u00bb24px\u00a0\u00bb custom_padding=\u00a0\u00bb12px|12px|12px|12px|true|true\u00a0\u00bb custom_css_main_element=\u00a0\u00bbmin-height:160px\u00a0\u00bb border_color_all=\u00a0\u00bbrgba(25,47,80,0.7)\u00a0\u00bb global_colors_info=\u00a0\u00bb{}\u00a0\u00bb transform_styles__hover_enabled=\u00a0\u00bboff|hover\u00a0\u00bb transform_scale__hover_enabled=\u00a0\u00bboff|hover\u00a0\u00bb transform_translate__hover_enabled=\u00a0\u00bboff|hover\u00a0\u00bb transform_rotate__hover_enabled=\u00a0\u00bboff|hover\u00a0\u00bb transform_skew__hover_enabled=\u00a0\u00bboff|hover\u00a0\u00bb transform_origin__hover_enabled=\u00a0\u00bboff|hover\u00a0\u00bb]<\/p>\n<h2>Mission<\/h2>\n<p>La mission d&rsquo;Eco Optimist est de proposer des solutions efficaces pour r\u00e9pondre aux pr\u00e9occupations \u00e9cologiques quotidiennes dans le secteur de l&rsquo;habitat ; Construction &#8211; \u00e9nergie &#8211; eau.<\/p>\n<p>[\/et_pb_text][et_pb_text _builder_version=\u00a0\u00bb4.27.4&Prime; _module_preset=\u00a0\u00bbdefault\u00a0\u00bb text_font=\u00a0\u00bb&#8211;et_global_body_font||||||||\u00a0\u00bb header_2_font=\u00a0\u00bb|||on|||||\u00a0\u00bb header_3_font=\u00a0\u00bb&#8211;et_global_body_font||||||||\u00a0\u00bb header_3_text_color=\u00a0\u00bbrgba(25,47,80,0.7)\u00a0\u00bb header_3_font_size=\u00a0\u00bb24px\u00a0\u00bb custom_padding=\u00a0\u00bb12px|12px|12px|12px|true|true\u00a0\u00bb custom_css_main_element=\u00a0\u00bbmin-height:160px\u00a0\u00bb border_color_all=\u00a0\u00bbrgba(25,47,80,0.7)\u00a0\u00bb global_colors_info=\u00a0\u00bb{}\u00a0\u00bb transform_styles__hover_enabled=\u00a0\u00bboff|hover\u00a0\u00bb transform_scale__hover_enabled=\u00a0\u00bboff|hover\u00a0\u00bb transform_translate__hover_enabled=\u00a0\u00bboff|hover\u00a0\u00bb transform_rotate__hover_enabled=\u00a0\u00bboff|hover\u00a0\u00bb transform_skew__hover_enabled=\u00a0\u00bboff|hover\u00a0\u00bb transform_origin__hover_enabled=\u00a0\u00bboff|hover\u00a0\u00bb]<\/p>\n<h2>Valeurs<\/h2>\n<p>Eco Optimist veut devenir une r\u00e9f\u00e9rence mondiale en mati\u00e8re de solutions \u00e9cologiques, cr\u00e9ant un avenir o\u00f9 l&rsquo;harmonie entre le progr\u00e8s et la nature est une r\u00e9alit\u00e9 accessible \u00e0 tous.<\/p>\n<p>[\/et_pb_text][\/et_pb_column][\/et_pb_row][\/et_pb_section][et_pb_section fb_built=\u00a0\u00bb1&Prime; _builder_version=\u00a0\u00bb4.27.4&Prime; _module_preset=\u00a0\u00bbdefault\u00a0\u00bb background_color=\u00a0\u00bb#faf4e3&Prime; global_colors_info=\u00a0\u00bb{}\u00a0\u00bb][et_pb_row _builder_version=\u00a0\u00bb4.27.4&Prime; _module_preset=\u00a0\u00bbdefault\u00a0\u00bb max_width=\u00a0\u00bb80%\u00a0\u00bb global_colors_info=\u00a0\u00bb{}\u00a0\u00bb][et_pb_column type=\u00a0\u00bb4_4&Prime; _builder_version=\u00a0\u00bb4.27.4&Prime; _module_preset=\u00a0\u00bbdefault\u00a0\u00bb global_colors_info=\u00a0\u00bb{}\u00a0\u00bb][et_pb_text _builder_version=\u00a0\u00bb4.27.4&Prime; _module_preset=\u00a0\u00bbdefault\u00a0\u00bb text_font=\u00a0\u00bb&#8211;et_global_body_font||||||||\u00a0\u00bb text_line_height=\u00a0\u00bb1.6em\u00a0\u00bb header_font=\u00a0\u00bb||||||||\u00a0\u00bb header_2_font=\u00a0\u00bb||||||||\u00a0\u00bb text_orientation=\u00a0\u00bbjustified\u00a0\u00bb text_font_size_tablet=\u00a0\u00bb22px\u00a0\u00bb text_font_size_phone=\u00a0\u00bb21px\u00a0\u00bb text_font_size_last_edited=\u00a0\u00bbon|phone\u00a0\u00bb global_colors_info=\u00a0\u00bb{}\u00a0\u00bb]<\/p>\n<p>Eco Optimist est une marque haut de gamme proposant des solutions innovantes et \u00e9co-responsables pour les particuliers et les entreprises qui privil\u00e9gient la durabilit\u00e9, la qualit\u00e9 et l&rsquo;impact \u00e0 long terme. Positionn\u00e9 comme expert en mati\u00e8re de vie \u00e9cologique, il propose des produits de pointe, des conseils personnalis\u00e9s, un service rapide et une solide base \u00e9thique. En combinant technologie et durabilit\u00e9, Eco Optimist s\u2019adresse \u00e0 un public moderne \u00e0 la recherche de modes de vie plus intelligents et plus responsables. Des panneaux solaires \u00e0 la filtration d\u2019eau haut de gamme et \u00e0 la construction durable, la marque incarne un engagement pour une vie consciente, o\u00f9 la responsabilit\u00e9 environnementale rencontre l\u2019excellence fonctionnelle.   <\/p>\n<p>Avec une pr\u00e9cision de qualit\u00e9 suisse et un \u00e9tat d&rsquo;esprit avant-gardiste, Eco Optimist refl\u00e8te un profond d\u00e9vouement envers la plan\u00e8te et les g\u00e9n\u00e9rations futures. En proposant syst\u00e9matiquement des solutions authentiques et percutantes, la marque s\u2019impose comme un leader de confiance en mati\u00e8re de vie durable. <\/p>\n<p>[\/et_pb_text][et_pb_button button_url=\u00a0\u00bbhttps:\/\/ecooptimist.com\/fr\/contact\/\u00a0\u00bb button_text=\u00a0\u00bbNous contacter\u00a0\u00bb button_alignment=\u00a0\u00bbright\u00a0\u00bb disabled_on=\u00a0\u00bboff|off|off\u00a0\u00bb _builder_version=\u00a0\u00bb4.27.4&Prime; _module_preset=\u00a0\u00bbdefault\u00a0\u00bb custom_button=\u00a0\u00bbon\u00a0\u00bb button_text_size=\u00a0\u00bb18px\u00a0\u00bb button_text_color=\u00a0\u00bb#0c234a\u00a0\u00bb button_bg_color=\u00a0\u00bbRGBA(255,255,255,0)\u00a0\u00bb button_border_width=\u00a0\u00bb1px\u00a0\u00bb button_border_color=\u00a0\u00bb#0c234a\u00a0\u00bb button_border_radius=\u00a0\u00bb0px\u00a0\u00bb button_font=\u00a0\u00bb&#8211;et_global_body_font|300|||||||\u00a0\u00bb custom_margin=\u00a0\u00bb12px||12px||true|false\u00a0\u00bb button_text_color_last_edited=\u00a0\u00bboff|desktop\u00a0\u00bb locked=\u00a0\u00bboff\u00a0\u00bb global_colors_info=\u00a0\u00bb{}\u00a0\u00bb button_text_color__hover_enabled=\u00a0\u00bbon|hover\u00a0\u00bb button_text_color__hover=\u00a0\u00bb#0c234a\u00a0\u00bb][\/et_pb_button][\/et_pb_column][\/et_pb_row][\/et_pb_section]<\/p>\n","protected":false},"excerpt":{"rendered":"<p>Mission La mission d&rsquo;Eco Optimist est de proposer des solutions efficaces pour r\u00e9pondre aux pr\u00e9occupations \u00e9cologiques quotidiennes dans le secteur de l&rsquo;habitat ; Construction &#8211; \u00e9nergie &#8211; eau.Valeurs Eco Optimist veut devenir une r\u00e9f\u00e9rence mondiale en mati\u00e8re de solutions \u00e9cologiques, cr\u00e9ant un avenir o\u00f9 l&rsquo;harmonie entre le progr\u00e8s et la nature est une r\u00e9alit\u00e9 accessible [&hellip;]<\/p>\n","protected":false},"author":1,"featured_media":0,"parent":0,"menu_order":0,"comment_status":"closed","ping_status":"closed","template":"","meta":{"_et_pb_use_builder":"on","_et_pb_old_content":"","_et_gb_content_width":"","om_disable_all_campaigns":false,"inline_featured_image":false,"_monsterinsights_skip_tracking":false,"_monsterinsights_sitenote_active":false,"_monsterinsights_sitenote_note":"","_monsterinsights_sitenote_category":0,"footnotes":""},"class_list":["post-34367","page","type-page","status-publish","hentry"],"aioseo_notices":[],"_links":{"self":[{"href":"https:\/\/ecooptimist.com\/fr\/wp-json\/wp\/v2\/pages\/34367","targetHints":{"allow":["GET"]}}],"collection":[{"href":"https:\/\/ecooptimist.com\/fr\/wp-json\/wp\/v2\/pages"}],"about":[{"href":"https:\/\/ecooptimist.com\/fr\/wp-json\/wp\/v2\/types\/page"}],"author":[{"embeddable":true,"href":"https:\/\/ecooptimist.com\/fr\/wp-json\/wp\/v2\/users\/1"}],"replies":[{"embeddable":true,"href":"https:\/\/ecooptimist.com\/fr\/wp-json\/wp\/v2\/comments?post=34367"}],"version-history":[{"count":4,"href":"https:\/\/ecooptimist.com\/fr\/wp-json\/wp\/v2\/pages\/34367\/revisions"}],"predecessor-version":[{"id":34581,"href":"https:\/\/ecooptimist.com\/fr\/wp-json\/wp\/v2\/pages\/34367\/revisions\/34581"}],"wp:attachment":[{"href":"https:\/\/ecooptimist.com\/fr\/wp-json\/wp\/v2\/media?parent=34367"}],"curies":[{"name":"wp","href":"https:\/\/api.w.org\/{rel}","templated":true}]}}