{"id":34618,"date":"2023-10-09T00:33:47","date_gmt":"2023-10-08T22:33:47","guid":{"rendered":"https:\/\/ecooptimist.com\/datenschutzrichtlinie\/"},"modified":"2025-05-08T11:11:28","modified_gmt":"2025-05-08T09:11:28","slug":"datenschutzrichtlinie","status":"publish","type":"page","link":"https:\/\/ecooptimist.com\/de\/datenschutzrichtlinie\/","title":{"rendered":"Datenschutzrichtlinie"},"content":{"rendered":"<p>[et_pb_section fb_built=&#8220;1&#8243; admin_label=&#8220;section&#8220; _builder_version=&#8220;4.16&#8243; global_colors_info=&#8220;{}&#8220;][et_pb_row admin_label=&#8220;row&#8220; _builder_version=&#8220;4.16&#8243; background_size=&#8220;initial&#8220; background_position=&#8220;top_left&#8220; background_repeat=&#8220;repeat&#8220; global_colors_info=&#8220;{}&#8220;][et_pb_column type=&#8220;4_4&#8243; _builder_version=&#8220;4.16&#8243; custom_padding=&#8220;|||&#8220; global_colors_info=&#8220;{}&#8220; custom_padding__hover=&#8220;|||&#8220;][et_pb_text admin_label=&#8220;Text&#8220; _builder_version=&#8220;4.27.4&#8243; header_text_align=&#8220;center&#8220; background_size=&#8220;initial&#8220; background_position=&#8220;top_left&#8220; background_repeat=&#8220;repeat&#8220; global_colors_info=&#8220;{}&#8220;]<\/p>\n<p>&nbsp;<\/p>\n<h1 data-pm-slice=\"1 1 []\">DatenschutzrichtliniePrivacy Policy<\/h1>\n<p>&nbsp;<\/p>\n<p><strong>Datum des Inkrafttretens:<\/strong> 31. M\u00e4rz 2025<\/p>\n<p>Eco Optimist Ltd. verpflichtet sich zum Schutz Ihrer Privatsph\u00e4re. Diese Datenschutzrichtlinie erl\u00e4utert, wie wir Ihre personenbezogenen Daten erheben, verwenden und sch\u00fctzen, wenn Sie unsere Dienste nutzen. <\/p>\n<p><strong>1. Von uns erhobene Informationen<br \/><\/strong>Wir k\u00f6nnen die folgenden Arten von Informationen erheben:<\/p>\n<ul data-spread=\"false\">\n<li>Pers\u00f6nliche Informationen, die Sie angeben (z. B. Name, E-Mail-Adresse, Telefonnummer), wenn Sie mit uns Kontakt aufnehmen oder unsere Dienste nutzen.<\/li>\n<li>Automatisch erfasste Informationen (z. B. IP-Adresse, Browsertyp, Cookies), wenn Sie unsere Website besuchen.<\/li>\n<\/ul>\n<p><strong>2. Wie wir Ihre Daten verwenden<br \/><\/strong>Wir verwenden die erhobenen Daten, um:<\/p>\n<ul data-spread=\"false\">\n<li>Bereitstellung, Betrieb und Verbesserung unserer Dienste.<\/li>\n<li>Beantworten Sie Anfragen und kommunizieren Sie mit Ihnen.<\/li>\n<li>Verbessern Sie das Benutzererlebnis und die Website-Funktionalit\u00e4t.<\/li>\n<li>Erf\u00fcllen Sie gesetzliche Verpflichtungen.<\/li>\n<\/ul>\n<p><strong>3. Weitergabe von Informationen<br \/><\/strong>Wir verkaufen, tauschen oder vermieten Ihre personenbezogenen Daten nicht an Dritte. Wir k\u00f6nnen Ihre Daten jedoch unter Einhaltung von Vertraulichkeitsvereinbarungen an vertrauensw\u00fcrdige Partner weitergeben, die uns bei der Erbringung unserer Dienstleistungen unterst\u00fctzen. Wir k\u00f6nnen Informationen auch weitergeben, wenn dies gesetzlich vorgeschrieben ist.  <\/p>\n<p><strong>4. Datensicherheit<br \/><\/strong>Wir setzen angemessene Sicherheitsma\u00dfnahmen ein, um Ihre personenbezogenen Daten vor unbefugtem Zugriff, Ver\u00e4nderung oder Weitergabe zu sch\u00fctzen. Allerdings ist keine Methode der Internet\u00fcbertragung hundertprozentig sicher. <\/p>\n<p><strong>5. Ihre Rechte<br \/><\/strong>Je nach Gerichtsbarkeit haben Sie m\u00f6glicherweise folgende Rechte:<\/p>\n<ul data-spread=\"false\">\n<li>Greifen Sie auf Ihre pers\u00f6nlichen Daten zu, korrigieren oder l\u00f6schen Sie sie.<\/li>\n<li>Widerrufen Sie die Einwilligung zu bestimmten Datenverarbeitungsaktivit\u00e4ten.<\/li>\n<li>Abmeldung von Marketingmitteilungen.<\/li>\n<\/ul>\n<p>Um diese Rechte auszu\u00fcben, kontaktieren Sie uns bitte unter [Ihre Kontaktinformationen].<\/p>\n<p><strong>6. Links zu Drittanbietern<br \/><\/strong>Unsere Website kann Links zu externen Websites enthalten. Wir sind nicht f\u00fcr die Datenschutzpraktiken dieser Drittanbieter verantwortlich. <\/p>\n<p><strong>7. Aktualisierungen dieser Richtlinie<br \/><\/strong>Wir behalten uns das Recht vor, diese Datenschutzrichtlinie regelm\u00e4\u00dfig zu aktualisieren. Die jeweils aktuelle Version mit dem aktualisierten Datum des Inkrafttretens finden Sie auf unserer Website. <\/p>\n<p><strong>8. Kontakt<br \/><\/strong>Bei Fragen zu dieser Datenschutzerkl\u00e4rung <a href=\"https:\/\/eco.laurent-cornalino.com\/contact\/\">kontaktieren Sie uns bitte<\/a>.<\/p>\n<p>&nbsp;<\/p>\n<p>&nbsp;<\/p>\n<p>[\/et_pb_text][\/et_pb_column][\/et_pb_row][\/et_pb_section]<\/p>\n","protected":false},"excerpt":{"rendered":"<p>&nbsp; DatenschutzrichtliniePrivacy Policy &nbsp; Datum des Inkrafttretens: 31. M\u00e4rz 2025 Eco Optimist Ltd. verpflichtet sich zum Schutz Ihrer Privatsph\u00e4re. Diese Datenschutzrichtlinie erl\u00e4utert, wie wir Ihre personenbezogenen Daten erheben, verwenden und sch\u00fctzen, wenn Sie unsere Dienste nutzen. 1. Von uns erhobene InformationenWir k\u00f6nnen die folgenden Arten von Informationen erheben: Pers\u00f6nliche Informationen, die Sie angeben (z. B. [&hellip;]<\/p>\n","protected":false},"author":1,"featured_media":0,"parent":0,"menu_order":0,"comment_status":"closed","ping_status":"open","template":"","meta":{"_et_pb_use_builder":"on","_et_pb_old_content":"","_et_gb_content_width":"","om_disable_all_campaigns":false,"inline_featured_image":false,"_monsterinsights_skip_tracking":false,"_monsterinsights_sitenote_active":false,"_monsterinsights_sitenote_note":"","_monsterinsights_sitenote_category":0,"footnotes":""},"class_list":["post-34618","page","type-page","status-publish","hentry"],"aioseo_notices":[],"_links":{"self":[{"href":"https:\/\/ecooptimist.com\/de\/wp-json\/wp\/v2\/pages\/34618","targetHints":{"allow":["GET"]}}],"collection":[{"href":"https:\/\/ecooptimist.com\/de\/wp-json\/wp\/v2\/pages"}],"about":[{"href":"https:\/\/ecooptimist.com\/de\/wp-json\/wp\/v2\/types\/page"}],"author":[{"embeddable":true,"href":"https:\/\/ecooptimist.com\/de\/wp-json\/wp\/v2\/users\/1"}],"replies":[{"embeddable":true,"href":"https:\/\/ecooptimist.com\/de\/wp-json\/wp\/v2\/comments?post=34618"}],"version-history":[{"count":2,"href":"https:\/\/ecooptimist.com\/de\/wp-json\/wp\/v2\/pages\/34618\/revisions"}],"predecessor-version":[{"id":34620,"href":"https:\/\/ecooptimist.com\/de\/wp-json\/wp\/v2\/pages\/34618\/revisions\/34620"}],"wp:attachment":[{"href":"https:\/\/ecooptimist.com\/de\/wp-json\/wp\/v2\/media?parent=34618"}],"curies":[{"name":"wp","href":"https:\/\/api.w.org\/{rel}","templated":true}]}}