{"id":34448,"date":"2025-04-11T00:26:44","date_gmt":"2025-04-10T22:26:44","guid":{"rendered":"https:\/\/ecooptimist.com\/swiss-hydro\/"},"modified":"2025-05-08T11:02:41","modified_gmt":"2025-05-08T09:02:41","slug":"swiss-hydro","status":"publish","type":"page","link":"https:\/\/ecooptimist.com\/de\/swiss-hydro\/","title":{"rendered":"Swiss Hydro"},"content":{"rendered":"<p>[et_pb_section fb_built=&#8220;1&#8243; fullwidth=&#8220;on&#8220; _builder_version=&#8220;4.27.4&#8243; _module_preset=&#8220;default&#8220; background_color=&#8220;#000000&#8243; background_video_mp4=&#8220;https:\/\/ecooptimist.com\/wp-content\/uploads\/2025\/04\/Compr_Swisshydro0072-1608.mp4&#8243; global_colors_info=&#8220;{}&#8220;][et_pb_fullwidth_slider show_arrows=&#8220;off&#8220; show_pagination=&#8220;off&#8220; _builder_version=&#8220;4.27.4&#8243; _module_preset=&#8220;default&#8220; animation_style=&#8220;fade&#8220; animation_duration=&#8220;0ms&#8220; animation_starting_opacity=&#8220;100%&#8220; animation_repeat=&#8220;loop&#8220; auto=&#8220;on&#8220; auto_speed=&#8220;4000&#8243; auto_ignore_hover=&#8220;on&#8220; hover_transition_duration=&#8220;1000ms&#8220; hover_transition_speed_curve=&#8220;linear&#8220; custom_css_free_form=&#8220; .gradient-text {||            background: radial-gradient(circle, #2f6ab2,  #2f9fff);||            -webkit-background-clip: text;||            -webkit-text-fill-color: transparent;||            display: inline-block;||   padding-top:60px;||        }&#8220; custom_css_slide_description=&#8220;animation-name: none;&#8220; body_text_shadow_style=&#8220;preset2&#8243; global_colors_info=&#8220;{}&#8220;][et_pb_slide use_bg_overlay=&#8220;off&#8220; use_text_overlay=&#8220;off&#8220; _builder_version=&#8220;4.27.4&#8243; _module_preset=&#8220;default&#8220; header_font=&#8220;Spectral||||||||&#8220; header_font_size=&#8220;80px&#8220; background_enable_color=&#8220;off&#8220; use_background_color_gradient=&#8220;on&#8220; background_color_gradient_stops=&#8220;rgba(0,0,0,0.3) 0%|rgba(0,0,0,0) 100%&#8220; background_color_gradient_overlays_image=&#8220;on&#8220; background_enable_image=&#8220;off&#8220; width=&#8220;100%&#8220; hover_transition_duration=&#8220;0ms&#8220; hover_transition_speed_curve=&#8220;linear&#8220; custom_css_slide_image=&#8220;animation-name:none;&#8220; global_colors_info=&#8220;{}&#8220; sticky_transition=&#8220;on&#8220;]<img decoding=\"async\" src=\"https:\/\/ecooptimist.com\/wp-content\/uploads\/2025\/04\/logo_swisshydro_v4-png.webp\" width=\"480\" height=\"auto\"><\/p>\n<h4 class=\"gradient-text\">Die Zukunft der nat\u00fcrlichen Wasseraufbereitung<\/h4>\n<p>[\/et_pb_slide][\/et_pb_fullwidth_slider][\/et_pb_section][et_pb_section fb_built=&#8220;1&#8243; disabled_on=&#8220;off|off|off&#8220; admin_label=&#8220;About Section&#8220; _builder_version=&#8220;4.27.4&#8243; _module_preset=&#8220;default&#8220; background_color=&#8220;#faf4e3&#8243; background_enable_image=&#8220;off&#8220; parallax=&#8220;on&#8220; background_enable_video_mp4=&#8220;off&#8220; locked=&#8220;off&#8220; global_colors_info=&#8220;{}&#8220;][et_pb_row disabled_on=&#8220;off|off|off&#8220; admin_label=&#8220;\u00dcber uns&#8220; _builder_version=&#8220;4.27.4&#8243; _module_preset=&#8220;default&#8220; background_enable_color=&#8220;off&#8220; width=&#8220;100%&#8220; width_tablet=&#8220;100%&#8220; width_phone=&#8220;100%&#8220; width_last_edited=&#8220;on|tablet&#8220; max_width=&#8220;100%&#8220; max_width_tablet=&#8220;100%&#8220; max_width_phone=&#8220;100%&#8220; max_width_last_edited=&#8220;on|phone&#8220; min_height=&#8220;75vh&#8220; min_height_last_edited=&#8220;off|desktop&#8220; custom_padding=&#8220;0%|10%|0%|10%|true|true&#8220; animation_style=&#8220;fade&#8220; custom_css_main_element=&#8220;display: flex;||  align-items: center;&#8220; global_colors_info=&#8220;{}&#8220; custom_css_main_element_last_edited=&#8220;on|tablet&#8220; custom_css_main_element_tablet=&#8220;min-width:100%;&#8220; custom_css_main_element_phone=&#8220;min-width:100%;&#8220;][et_pb_column type=&#8220;4_4&#8243; _builder_version=&#8220;4.27.4&#8243; _module_preset=&#8220;default&#8220; custom_padding=&#8220;|||&#8220; global_colors_info=&#8220;{}&#8220; custom_padding__hover=&#8220;|||&#8220;][et_pb_text admin_label=&#8220;Title&#8220; _builder_version=&#8220;4.27.4&#8243; _module_preset=&#8220;default&#8220; text_font=&#8220;||||||||&#8220; text_text_color=&#8220;#FFFFFF&#8220; text_font_size=&#8220;24px&#8220; text_line_height=&#8220;1.8em&#8220; header_font=&#8220;||||||||&#8220; header_text_align=&#8220;left&#8220; header_2_font=&#8220;||||||||&#8220; header_2_text_align=&#8220;center&#8220; header_2_font_size=&#8220;60px&#8220; header_2_line_height=&#8220;1.5em&#8220; header_3_text_align=&#8220;justify&#8220; text_orientation=&#8220;justified&#8220; custom_margin=&#8220;0px||0px||false|false&#8220; custom_padding=&#8220;0px||0px||false|false&#8220; animation_direction=&#8220;left&#8220; hover_enabled=&#8220;0&#8243; header_text_align_tablet=&#8220;left&#8220; header_text_align_phone=&#8220;left&#8220; header_text_align_last_edited=&#8220;on|tablet&#8220; header_2_text_align_tablet=&#8220;left&#8220; header_2_text_align_phone=&#8220;left&#8220; header_2_text_align_last_edited=&#8220;on|desktop&#8220; header_2_font_size_tablet=&#8220;60px&#8220; header_2_font_size_phone=&#8220;48px&#8220; header_2_font_size_last_edited=&#8220;on|phone&#8220; header_3_text_align_tablet=&#8220;left&#8220; header_3_text_align_phone=&#8220;left&#8220; header_3_text_align_last_edited=&#8220;on|tablet&#8220; header_3_font_size_tablet=&#8220;&#8220; header_3_font_size_phone=&#8220;18px&#8220; header_3_font_size_last_edited=&#8220;on|tablet&#8220; global_colors_info=&#8220;{}&#8220; sticky_enabled=&#8220;0&#8243;]<\/p>\n<h3>SwissHydro<\/h3>\n<h4>Die intelligentere Art der Wasseraufbereitung \u2013 nat\u00fcrlich<\/h4>\n<p>[\/et_pb_text][et_pb_text _builder_version=&#8220;4.27.4&#8243; _module_preset=&#8220;default&#8220; text_font=&#8220;&#8211;et_global_body_font||||||||&#8220; text_line_height=&#8220;1.5em&#8220; header_font=&#8220;||||||||&#8220; header_2_text_color=&#8220;#1c8e00&#8243; text_orientation=&#8220;justified&#8220; animation_direction=&#8220;left&#8220; text_font_size_tablet=&#8220;22px&#8220; text_font_size_phone=&#8220;21px&#8220; text_font_size_last_edited=&#8220;off|desktop&#8220; global_colors_info=&#8220;{}&#8220;]<\/p>\n<p>SwissHydro ist eine revolution\u00e4re Wasseraufbereitungsl\u00f6sung, die die Art und Weise ver\u00e4ndert, wie wir unsere Wassersysteme verwalten und sch\u00fctzen. Egal, ob Sie Hausbesitzer, Gesch\u00e4ftsinhaber oder Facility Manager sind, SwissHydro bietet einen innovativen, strom- und chemikalienfreien Ansatz, um Ihre Wassersysteme sauber, effizient und langlebig zu halten. <\/p>\n<p>Das Herzst\u00fcck von SwissHydro ist ein patentiertes Verfahren, bei dem der Wasserfluss durch kontrollierte physikalische St\u00f6rungen gest\u00f6rt wird und so die Wassermolek\u00fcle revitalisiert werden. Diese einzigartige Methode l\u00f6st harte Kalkablagerungen auf und verwandelt sie in feines, nicht abbl\u00e4tterndes Aragonitpulver. Das Ergebnis? Eine nat\u00fcrliche L\u00f6sung, die Mineralablagerungen bek\u00e4mpft, gleichzeitig sch\u00e4dliche Bakterien neutralisiert und die Korrosion in Ihren Rohrleitungen und Ger\u00e4ten deutlich reduziert.   <\/p>\n<p>[\/et_pb_text][et_pb_text _builder_version=&#8220;4.27.4&#8243; _module_preset=&#8220;default&#8220; text_font=&#8220;&#8211;et_global_body_font||||||||&#8220; text_line_height=&#8220;1.5em&#8220; ul_text_align=&#8220;left&#8220; ul_line_height=&#8220;1.7em&#8220; header_font=&#8220;||||||||&#8220; header_2_text_color=&#8220;#1c8e00&#8243; text_orientation=&#8220;justified&#8220; animation_direction=&#8220;left&#8220; global_colors_info=&#8220;{}&#8220;]<\/p>\n<p>SwissHydro bietet zahlreiche praktische Vorteile:<\/p>\n<ul>\n<li>Beseitigt Kalkablagerungen in Rohren, Warmwasserbereitern und Ger\u00e4ten<\/li>\n<li>Verbessert die Wasserqualit\u00e4t durch Hemmung des Bakterienwachstums<\/li>\n<li>Reduziert Korrosion und Verschlei\u00df und sch\u00fctzt Ihre Sanit\u00e4rsysteme<\/li>\n<li>Senkt den Energieverbrauch durch effizienten Systembetrieb<\/li>\n<li>Erh\u00f6ht die Lebensdauer der wasserbezogenen Infrastruktur und Ger\u00e4te<\/li>\n<\/ul>\n<p>[\/et_pb_text][et_pb_text _builder_version=&#8220;4.27.4&#8243; _module_preset=&#8220;default&#8220; text_font=&#8220;&#8211;et_global_body_font||||||||&#8220; text_line_height=&#8220;1.5em&#8220; ul_line_height=&#8220;1.7em&#8220; header_font=&#8220;||||||||&#8220; header_2_text_color=&#8220;#1c8e00&#8243; text_orientation=&#8220;justified&#8220; animation_direction=&#8220;left&#8220; text_font_size_tablet=&#8220;22px&#8220; text_font_size_phone=&#8220;21px&#8220; text_font_size_last_edited=&#8220;off|desktop&#8220; global_colors_info=&#8220;{}&#8220;]<\/p>\n<p><span>SwissHydro wurde mit Blick auf Einfachheit und Nachhaltigkeit entwickelt und ist vollst\u00e4ndig autonom. Es erfordert keine Chemikalien, kein Salz und keine regelm\u00e4\u00dfige Wartung. Au\u00dferdem entsteht keine Wasserverschwendung, sodass es sowohl f\u00fcr umweltbewusste Haushalte als auch f\u00fcr Unternehmen die ideale Wahl ist.  <\/span><\/p>\n<p>[\/et_pb_text][et_pb_text _builder_version=&#8220;4.27.4&#8243; _module_preset=&#8220;default&#8220; text_font=&#8220;&#8211;et_global_body_font||||||||&#8220; text_line_height=&#8220;1.5em&#8220; ul_line_height=&#8220;1.7em&#8220; header_font=&#8220;||||||||&#8220; header_2_text_color=&#8220;#1c8e00&#8243; text_orientation=&#8220;justified&#8220; animation_direction=&#8220;left&#8220; text_font_size_tablet=&#8220;22px&#8220; text_font_size_phone=&#8220;21px&#8220; text_font_size_last_edited=&#8220;off|desktop&#8220; global_colors_info=&#8220;{}&#8220;]<\/p>\n<p><span>Von Privathaushalten bis hin zu Hotels, Krankenh\u00e4usern und Industrieanlagen hilft SwissHydro Menschen auf der ganzen Welt, die Kontrolle \u00fcber ihre Wasserqualit\u00e4t zu \u00fcbernehmen \u2013 und dabei Zeit, Geld und Ressourcen zu sparen.<\/span><\/p>\n<p>[\/et_pb_text][et_pb_text _builder_version=&#8220;4.27.4&#8243; _module_preset=&#8220;default&#8220; text_font=&#8220;&#8211;et_global_body_font||||||||&#8220; text_line_height=&#8220;1.5em&#8220; ul_line_height=&#8220;1.7em&#8220; header_font=&#8220;||||||||&#8220; header_2_text_color=&#8220;#1c8e00&#8243; text_orientation=&#8220;justified&#8220; animation_direction=&#8220;left&#8220; text_font_size_tablet=&#8220;22px&#8220; text_font_size_phone=&#8220;21px&#8220; text_font_size_last_edited=&#8220;off|desktop&#8220; global_colors_info=&#8220;{}&#8220;]<\/p>\n<p><b>Erleben Sie die nat\u00fcrliche Optimierung mit SwissHydro \u2013 sauberere Systeme, intelligentere Einsparungen und eine gr\u00fcnere Zukunft.<\/b><\/p>\n<p>[\/et_pb_text][\/et_pb_column][\/et_pb_row][et_pb_row column_structure=&#8220;1_2,1_2&#8243; _builder_version=&#8220;4.27.4&#8243; _module_preset=&#8220;default&#8220; locked=&#8220;off&#8220; global_colors_info=&#8220;{}&#8220;][et_pb_column type=&#8220;1_2&#8243; _builder_version=&#8220;4.27.4&#8243; _module_preset=&#8220;default&#8220; global_colors_info=&#8220;{}&#8220;][et_pb_button button_url=&#8220;http:\/\/swiss-hydro.ch\/&#8220; button_text=&#8220;Besuchen Sie die Website von Swiss Hydro&#8220; button_alignment=&#8220;center&#8220; disabled_on=&#8220;off|off|off&#8220; _builder_version=&#8220;4.27.4&#8243; _module_preset=&#8220;default&#8220; custom_button=&#8220;on&#8220; button_text_size=&#8220;18px&#8220; button_text_color=&#8220;#0c234a&#8220; button_bg_color=&#8220;RGBA(255,255,255,0)&#8220; button_border_width=&#8220;1px&#8220; button_border_color=&#8220;#0c234a&#8220; button_border_radius=&#8220;0px&#8220; button_font=&#8220;&#8211;et_global_body_font|300|||||||&#8220; custom_margin=&#8220;12px||12px||true|false&#8220; locked=&#8220;off&#8220; global_colors_info=&#8220;{}&#8220; button_text_color__hover_enabled=&#8220;on|hover&#8220; button_text_color__hover=&#8220;rgba(25,47,80,0.7)&#8220;][\/et_pb_button][\/et_pb_column][et_pb_column type=&#8220;1_2&#8243; _builder_version=&#8220;4.27.4&#8243; _module_preset=&#8220;default&#8220; global_colors_info=&#8220;{}&#8220;][et_pb_button button_url=&#8220;https:\/\/ecooptimist.com\/de\/contact\/#Informations&#8220; button_text=&#8220;Ben\u00f6tigen Sie weitere Informationen zu Swiss Hydro?&#8220; button_alignment=&#8220;center&#8220; disabled_on=&#8220;off|off|off&#8220; _builder_version=&#8220;4.27.4&#8243; _module_preset=&#8220;default&#8220; custom_button=&#8220;on&#8220; button_text_size=&#8220;18px&#8220; button_text_color=&#8220;#0c234a&#8220; button_bg_color=&#8220;RGBA(255,255,255,0)&#8220; button_border_width=&#8220;1px&#8220; button_border_color=&#8220;#0c234a&#8220; button_border_radius=&#8220;0px&#8220; button_font=&#8220;&#8211;et_global_body_font|300|||||||&#8220; custom_margin=&#8220;12px||12px||true|false&#8220; locked=&#8220;off&#8220; global_colors_info=&#8220;{}&#8220; button_text_color__hover_enabled=&#8220;on|hover&#8220; button_text_color__hover=&#8220;rgba(25,47,80,0.7)&#8220;][\/et_pb_button][\/et_pb_column][\/et_pb_row][\/et_pb_section]<\/p>\n","protected":false},"excerpt":{"rendered":"<p>Die Zukunft der nat\u00fcrlichen WasseraufbereitungSwissHydro Die intelligentere Art der Wasseraufbereitung \u2013 nat\u00fcrlichSwissHydro ist eine revolution\u00e4re Wasseraufbereitungsl\u00f6sung, die die Art und Weise ver\u00e4ndert, wie wir unsere Wassersysteme verwalten und sch\u00fctzen. Egal, ob Sie Hausbesitzer, Gesch\u00e4ftsinhaber oder Facility Manager sind, SwissHydro bietet einen innovativen, strom- und chemikalienfreien Ansatz, um Ihre Wassersysteme sauber, effizient und langlebig zu halten. [&hellip;]<\/p>\n","protected":false},"author":1,"featured_media":0,"parent":0,"menu_order":0,"comment_status":"closed","ping_status":"closed","template":"","meta":{"_et_pb_use_builder":"on","_et_pb_old_content":"","_et_gb_content_width":"","om_disable_all_campaigns":false,"inline_featured_image":false,"_monsterinsights_skip_tracking":false,"_monsterinsights_sitenote_active":false,"_monsterinsights_sitenote_note":"","_monsterinsights_sitenote_category":0,"footnotes":""},"class_list":["post-34448","page","type-page","status-publish","hentry"],"aioseo_notices":[],"_links":{"self":[{"href":"https:\/\/ecooptimist.com\/de\/wp-json\/wp\/v2\/pages\/34448","targetHints":{"allow":["GET"]}}],"collection":[{"href":"https:\/\/ecooptimist.com\/de\/wp-json\/wp\/v2\/pages"}],"about":[{"href":"https:\/\/ecooptimist.com\/de\/wp-json\/wp\/v2\/types\/page"}],"author":[{"embeddable":true,"href":"https:\/\/ecooptimist.com\/de\/wp-json\/wp\/v2\/users\/1"}],"replies":[{"embeddable":true,"href":"https:\/\/ecooptimist.com\/de\/wp-json\/wp\/v2\/comments?post=34448"}],"version-history":[{"count":6,"href":"https:\/\/ecooptimist.com\/de\/wp-json\/wp\/v2\/pages\/34448\/revisions"}],"predecessor-version":[{"id":34609,"href":"https:\/\/ecooptimist.com\/de\/wp-json\/wp\/v2\/pages\/34448\/revisions\/34609"}],"wp:attachment":[{"href":"https:\/\/ecooptimist.com\/de\/wp-json\/wp\/v2\/media?parent=34448"}],"curies":[{"name":"wp","href":"https:\/\/api.w.org\/{rel}","templated":true}]}}