{"id":34445,"date":"2025-04-11T00:24:30","date_gmt":"2025-04-10T22:24:30","guid":{"rendered":"https:\/\/ecooptimist.com\/ertec\/"},"modified":"2025-05-08T11:00:08","modified_gmt":"2025-05-08T09:00:08","slug":"ertec","status":"publish","type":"page","link":"https:\/\/ecooptimist.com\/de\/ertec\/","title":{"rendered":"Ertec"},"content":{"rendered":"<p>[et_pb_section fb_built=&#8220;1&#8243; fullwidth=&#8220;on&#8220; _builder_version=&#8220;4.27.4&#8243; _module_preset=&#8220;default&#8220; background_color=&#8220;#000000&#8243; background_video_mp4=&#8220;https:\/\/ecooptimist.com\/wp-content\/uploads\/2025\/05\/Ertec_Villas-Compr.mp4&#8243; global_colors_info=&#8220;{}&#8220;][et_pb_fullwidth_slider show_arrows=&#8220;off&#8220; show_pagination=&#8220;off&#8220; _builder_version=&#8220;4.27.4&#8243; _module_preset=&#8220;default&#8220; animation_style=&#8220;fade&#8220; animation_duration=&#8220;0ms&#8220; animation_starting_opacity=&#8220;100%&#8220; animation_repeat=&#8220;loop&#8220; auto=&#8220;on&#8220; auto_speed=&#8220;4000&#8243; auto_ignore_hover=&#8220;on&#8220; hover_transition_duration=&#8220;1000ms&#8220; hover_transition_speed_curve=&#8220;linear&#8220; hover_enabled=&#8220;0&#8243; custom_css_slide_description=&#8220;animation-name: none;&#8220; body_text_shadow_style=&#8220;preset2&#8243; global_colors_info=&#8220;{}&#8220; sticky_enabled=&#8220;0&#8243;][et_pb_slide use_bg_overlay=&#8220;off&#8220; use_text_overlay=&#8220;off&#8220; _builder_version=&#8220;4.27.4&#8243; _module_preset=&#8220;default&#8220; header_font=&#8220;Spectral||||||||&#8220; header_font_size=&#8220;80px&#8220; background_enable_color=&#8220;off&#8220; use_background_color_gradient=&#8220;on&#8220; background_color_gradient_stops=&#8220;rgba(0,0,0,0.3) 0%|rgba(0,0,0,0) 100%&#8220; background_color_gradient_overlays_image=&#8220;on&#8220; background_enable_image=&#8220;off&#8220; width=&#8220;100%&#8220; hover_transition_duration=&#8220;0ms&#8220; hover_transition_speed_curve=&#8220;linear&#8220; hover_enabled=&#8220;0&#8243; custom_css_free_form=&#8220; .gradient-text {||            background: radial-gradient(circle, #FFF000,  #7DA826, #A4D11D);||            -webkit-background-clip: text;||            -webkit-text-fill-color: transparent;||            display: inline-block;||   padding-top:60px;||        }&#8220; custom_css_slide_image=&#8220;animation-name:none;&#8220; global_colors_info=&#8220;{}&#8220; sticky_transition=&#8220;on&#8220; sticky_enabled=&#8220;0&#8243;]<\/p>\n<p><img decoding=\"async\" src=\"https:\/\/ecooptimist.com\/wp-content\/uploads\/2025\/04\/Logo-Ertec-vert-1-png.webp\" width=\"480\" height=\"auto\"><\/p>\n<h4 class=\"gradient-text\">Experten f\u00fcr Energieeffizienz<\/h4>\n<p>[\/et_pb_slide][\/et_pb_fullwidth_slider][\/et_pb_section][et_pb_section fb_built=&#8220;1&#8243; disabled_on=&#8220;off|off|off&#8220; admin_label=&#8220;About Section&#8220; _builder_version=&#8220;4.27.4&#8243; _module_preset=&#8220;default&#8220; background_color=&#8220;#faf4e3&#8243; background_enable_image=&#8220;off&#8220; parallax=&#8220;on&#8220; background_enable_video_mp4=&#8220;off&#8220; locked=&#8220;off&#8220; global_colors_info=&#8220;{}&#8220;][et_pb_row disabled_on=&#8220;off|off|off&#8220; admin_label=&#8220;\u00dcber uns&#8220; _builder_version=&#8220;4.27.4&#8243; _module_preset=&#8220;default&#8220; background_enable_color=&#8220;off&#8220; width=&#8220;100%&#8220; width_tablet=&#8220;100%&#8220; width_phone=&#8220;100%&#8220; width_last_edited=&#8220;on|tablet&#8220; max_width=&#8220;100%&#8220; max_width_tablet=&#8220;100%&#8220; max_width_phone=&#8220;100%&#8220; max_width_last_edited=&#8220;on|phone&#8220; min_height=&#8220;75vh&#8220; custom_padding=&#8220;0%|10%|0%|10%|true|true&#8220; animation_style=&#8220;fade&#8220; custom_css_main_element=&#8220;display: flex;||  align-items: center;&#8220; global_colors_info=&#8220;{}&#8220; custom_css_main_element_last_edited=&#8220;on|tablet&#8220; custom_css_main_element_tablet=&#8220;min-width:100%;&#8220; custom_css_main_element_phone=&#8220;min-width:100%;&#8220;][et_pb_column type=&#8220;4_4&#8243; _builder_version=&#8220;4.27.4&#8243; _module_preset=&#8220;default&#8220; custom_padding=&#8220;|||&#8220; global_colors_info=&#8220;{}&#8220; custom_padding__hover=&#8220;|||&#8220;][et_pb_text admin_label=&#8220;Title&#8220; _builder_version=&#8220;4.27.4&#8243; _module_preset=&#8220;default&#8220; text_font=&#8220;||||||||&#8220; text_text_color=&#8220;#FFFFFF&#8220; text_font_size=&#8220;24px&#8220; text_line_height=&#8220;1.8em&#8220; header_font=&#8220;||||||||&#8220; header_text_align=&#8220;left&#8220; header_2_font=&#8220;||||||||&#8220; header_2_text_align=&#8220;center&#8220; header_2_font_size=&#8220;60px&#8220; header_2_line_height=&#8220;1.5em&#8220; header_3_text_align=&#8220;justify&#8220; text_orientation=&#8220;justified&#8220; custom_margin=&#8220;0px||0px||false|false&#8220; custom_padding=&#8220;0px||0px||false|false&#8220; animation_direction=&#8220;left&#8220; header_text_align_tablet=&#8220;&#8220; header_text_align_phone=&#8220;&#8220; header_text_align_last_edited=&#8220;on|tablet&#8220; header_2_text_align_tablet=&#8220;left&#8220; header_2_text_align_phone=&#8220;left&#8220; header_2_text_align_last_edited=&#8220;on|desktop&#8220; header_2_font_size_tablet=&#8220;60px&#8220; header_2_font_size_phone=&#8220;48px&#8220; header_2_font_size_last_edited=&#8220;on|phone&#8220; header_3_text_align_tablet=&#8220;left&#8220; header_3_text_align_phone=&#8220;left&#8220; header_3_text_align_last_edited=&#8220;on|tablet&#8220; header_3_font_size_tablet=&#8220;&#8220; header_3_font_size_phone=&#8220;18px&#8220; header_3_font_size_last_edited=&#8220;on|tablet&#8220; global_colors_info=&#8220;{}&#8220;]<\/p>\n<h3>ERTEC<\/h3>\n<h4>Intelligente Energiel\u00f6sungen f\u00fcr eine gr\u00fcnere Zukunft<\/h4>\n<p>[\/et_pb_text][et_pb_text _builder_version=&#8220;4.27.4&#8243; _module_preset=&#8220;default&#8220; text_font=&#8220;&#8211;et_global_body_font||||||||&#8220; text_line_height=&#8220;1.5em&#8220; header_font=&#8220;||||||||&#8220; header_2_text_color=&#8220;#1c8e00&#8243; text_orientation=&#8220;justified&#8220; animation_direction=&#8220;left&#8220; text_font_size_tablet=&#8220;22px&#8220; text_font_size_phone=&#8220;21px&#8220; text_font_size_last_edited=&#8220;off|desktop&#8220; global_colors_info=&#8220;{}&#8220;]<\/p>\n<p>Bei<span> <\/span><b>ERTEC<\/b>, m\u00f6chten wir Ihnen helfen, effizienter und nachhaltiger zu leben und zu arbeiten. Mit jahrelanger Erfahrung <span> <\/span>Dank unserer <b>langj\u00e4hrigen Erfahrung in der Entwicklung<\/b> ist es unsere Mission, energieeffizientes Leben f\u00fcr Hausbesitzer, Unternehmen und die Industrie zug\u00e4nglich zu machen.<\/p>\n<p>Wir sind spezialisiert auf<span> <\/span><b>individuelle Energiel\u00f6sungen<\/b><span> <\/span>die darauf ausgelegt sind, Energiekosten zu senken, die Umweltbelastung zu reduzieren und Komfort und Leistung zu verbessern. Egal, ob Sie Ihre <span> <\/span><b>Hausenergiesystem<\/b>, optimieren Sie den Energieverbrauch in einem<span> <\/span><b>Wohnkomplex<\/b> oder verbessern Sie die Effizienz in Ihrem<span> <\/span><b>Industrieanlage<\/b>, ERTEC verf\u00fcgt \u00fcber die Werkzeuge, Technologie und Erfahrung, um Ergebnisse zu liefern.<\/p>\n<p>[\/et_pb_text][et_pb_text _builder_version=&#8220;4.27.4&#8243; _module_preset=&#8220;default&#8220; text_font=&#8220;&#8211;et_global_body_font||||||||&#8220; text_line_height=&#8220;1.5em&#8220; ul_text_align=&#8220;left&#8220; ul_line_height=&#8220;1.7em&#8220; header_font=&#8220;||||||||&#8220; header_2_text_color=&#8220;#1c8e00&#8243; text_orientation=&#8220;justified&#8220; animation_direction=&#8220;left&#8220; global_colors_info=&#8220;{}&#8220;]<\/p>\n<p>Zu unseren Dienstleistungen geh\u00f6ren:<\/p>\n<ul>\n<li>\n<p><b>Energieanalyse und Systemdesign<\/b><span> <\/span>zugeschnitten auf Ihre spezifischen Bed\u00fcrfnisse<\/p>\n<\/li>\n<li>\n<p><b>Installation fortschrittlicher Energiespartechnologien<\/b><\/p>\n<\/li>\n<li>\n<p><b>Vertrieb leistungsstarker und umweltfreundlicher Systeme<\/b><\/p>\n<\/li>\n<li>\n<p>Kontinuierliche Unterst\u00fctzung zur Sicherstellung<span> <\/span><b>langfristiger Leistung und Einsparungen<\/b><\/p>\n<\/li>\n<\/ul>\n<p>[\/et_pb_text][et_pb_text _builder_version=&#8220;4.27.4&#8243; _module_preset=&#8220;default&#8220; text_font=&#8220;&#8211;et_global_body_font||||||||&#8220; text_line_height=&#8220;1.5em&#8220; ul_line_height=&#8220;1.7em&#8220; header_font=&#8220;||||||||&#8220; header_2_text_color=&#8220;#1c8e00&#8243; text_orientation=&#8220;justified&#8220; animation_direction=&#8220;left&#8220; text_font_size_tablet=&#8220;22px&#8220; text_font_size_phone=&#8220;21px&#8220; text_font_size_last_edited=&#8220;off|desktop&#8220; global_colors_info=&#8220;{}&#8220;]<\/p>\n<p>Von <b>Solarenergie<\/b> und <b>Smart-Grid-Integration<\/b> bis hin zu <b>effizienten Heiz-, K\u00fchl- und L\u00fcftungssystemen<\/b> arbeitet ERTEC mit erstklassigen Produkten und Partnern zusammen, um sicherzustellen, dass Sie das beste Preis-Leistungs-Verh\u00e4ltnis, die beste Zuverl\u00e4ssigkeit und die <b>beste Nachhaltigkeit erhalten<\/b>.<\/p>\n<p>Jeder Kunde ist anders \u2013 deshalb verfolgen wir einen <b>individuellen, projektorientierten Ansatz<\/b>. Wir analysieren Ihre Ziele sorgf\u00e4ltig und entwickeln die optimale L\u00f6sung. Ob gem\u00fctliches Eigenheim oder gro\u00dfes Industriegel\u00e4nde \u2013 ERTEC hilft Ihnen, Ihre Energiezukunft selbst in die Hand zu nehmen. <\/p>\n<p>[\/et_pb_text][et_pb_text _builder_version=&#8220;4.27.4&#8243; _module_preset=&#8220;default&#8220; text_font=&#8220;&#8211;et_global_body_font||||||||&#8220; text_line_height=&#8220;1.5em&#8220; ul_line_height=&#8220;1.7em&#8220; header_font=&#8220;||||||||&#8220; header_2_text_color=&#8220;#1c8e00&#8243; text_orientation=&#8220;justified&#8220; animation_direction=&#8220;left&#8220; text_font_size_tablet=&#8220;22px&#8220; text_font_size_phone=&#8220;21px&#8220; text_font_size_last_edited=&#8220;off|desktop&#8220; global_colors_info=&#8220;{}&#8220;]<\/p>\n<p><span>Lassen Sie uns gemeinsam eine effizientere Welt schaffen \u2013 ein Projekt nach dem anderen.<\/span><\/p>\n<p>[\/et_pb_text][\/et_pb_column][\/et_pb_row][et_pb_row column_structure=&#8220;1_2,1_2&#8243; _builder_version=&#8220;4.27.4&#8243; _module_preset=&#8220;default&#8220; locked=&#8220;off&#8220; global_colors_info=&#8220;{}&#8220;][et_pb_column type=&#8220;1_2&#8243; _builder_version=&#8220;4.27.4&#8243; _module_preset=&#8220;default&#8220; global_colors_info=&#8220;{}&#8220;][et_pb_button button_url=&#8220;http:\/\/ertec.pt&#8220; button_text=&#8220;Besuchen Sie die Ertec-Website&#8220; button_alignment=&#8220;center&#8220; disabled_on=&#8220;off|off|off&#8220; _builder_version=&#8220;4.27.4&#8243; _module_preset=&#8220;default&#8220; custom_button=&#8220;on&#8220; button_text_size=&#8220;18px&#8220; button_text_color=&#8220;#0c234a&#8220; button_bg_color=&#8220;RGBA(255,255,255,0)&#8220; button_border_width=&#8220;1px&#8220; button_border_color=&#8220;#0c234a&#8220; button_border_radius=&#8220;0px&#8220; button_font=&#8220;&#8211;et_global_body_font|300|||||||&#8220; custom_margin=&#8220;12px||12px||true|false&#8220; locked=&#8220;off&#8220; global_colors_info=&#8220;{}&#8220; button_text_color__hover_enabled=&#8220;on|hover&#8220; button_text_color__hover=&#8220;rgba(25,47,80,0.7)&#8220;][\/et_pb_button][\/et_pb_column][et_pb_column type=&#8220;1_2&#8243; _builder_version=&#8220;4.27.4&#8243; _module_preset=&#8220;default&#8220; global_colors_info=&#8220;{}&#8220;][et_pb_button button_url=&#8220;https:\/\/ecooptimist.com\/de\/contact\/#Informations&#8220; button_text=&#8220;Ben\u00f6tigen Sie weitere Informationen \u00fcber Ertec&#8220; button_alignment=&#8220;center&#8220; disabled_on=&#8220;off|off|off&#8220; _builder_version=&#8220;4.27.4&#8243; _module_preset=&#8220;default&#8220; custom_button=&#8220;on&#8220; button_text_size=&#8220;18px&#8220; button_text_color=&#8220;#0c234a&#8220; button_bg_color=&#8220;RGBA(255,255,255,0)&#8220; button_border_width=&#8220;1px&#8220; button_border_color=&#8220;#0c234a&#8220; button_border_radius=&#8220;0px&#8220; button_font=&#8220;&#8211;et_global_body_font|300|||||||&#8220; custom_margin=&#8220;12px||12px||true|false&#8220; locked=&#8220;off&#8220; global_colors_info=&#8220;{}&#8220; button_text_color__hover_enabled=&#8220;on|hover&#8220; button_text_color__hover=&#8220;rgba(25,47,80,0.7)&#8220;][\/et_pb_button][\/et_pb_column][\/et_pb_row][\/et_pb_section]<\/p>\n","protected":false},"excerpt":{"rendered":"<p>Experten f\u00fcr EnergieeffizienzERTEC Intelligente Energiel\u00f6sungen f\u00fcr eine gr\u00fcnere ZukunftBei ERTEC, m\u00f6chten wir Ihnen helfen, effizienter und nachhaltiger zu leben und zu arbeiten. Mit jahrelanger Erfahrung Dank unserer langj\u00e4hrigen Erfahrung in der Entwicklung ist es unsere Mission, energieeffizientes Leben f\u00fcr Hausbesitzer, Unternehmen und die Industrie zug\u00e4nglich zu machen. Wir sind spezialisiert auf individuelle Energiel\u00f6sungen die darauf [&hellip;]<\/p>\n","protected":false},"author":1,"featured_media":0,"parent":0,"menu_order":0,"comment_status":"closed","ping_status":"closed","template":"","meta":{"_et_pb_use_builder":"on","_et_pb_old_content":"","_et_gb_content_width":"","om_disable_all_campaigns":false,"inline_featured_image":false,"_monsterinsights_skip_tracking":false,"_monsterinsights_sitenote_active":false,"_monsterinsights_sitenote_note":"","_monsterinsights_sitenote_category":0,"footnotes":""},"class_list":["post-34445","page","type-page","status-publish","hentry"],"aioseo_notices":[],"_links":{"self":[{"href":"https:\/\/ecooptimist.com\/de\/wp-json\/wp\/v2\/pages\/34445","targetHints":{"allow":["GET"]}}],"collection":[{"href":"https:\/\/ecooptimist.com\/de\/wp-json\/wp\/v2\/pages"}],"about":[{"href":"https:\/\/ecooptimist.com\/de\/wp-json\/wp\/v2\/types\/page"}],"author":[{"embeddable":true,"href":"https:\/\/ecooptimist.com\/de\/wp-json\/wp\/v2\/users\/1"}],"replies":[{"embeddable":true,"href":"https:\/\/ecooptimist.com\/de\/wp-json\/wp\/v2\/comments?post=34445"}],"version-history":[{"count":8,"href":"https:\/\/ecooptimist.com\/de\/wp-json\/wp\/v2\/pages\/34445\/revisions"}],"predecessor-version":[{"id":34603,"href":"https:\/\/ecooptimist.com\/de\/wp-json\/wp\/v2\/pages\/34445\/revisions\/34603"}],"wp:attachment":[{"href":"https:\/\/ecooptimist.com\/de\/wp-json\/wp\/v2\/media?parent=34445"}],"curies":[{"name":"wp","href":"https:\/\/api.w.org\/{rel}","templated":true}]}}