{"id":34439,"date":"2025-04-11T00:21:15","date_gmt":"2025-04-10T22:21:15","guid":{"rendered":"https:\/\/ecooptimist.com\/mission-und-werte\/"},"modified":"2025-12-05T16:43:58","modified_gmt":"2025-12-05T15:43:58","slug":"mission-und-werte","status":"publish","type":"page","link":"https:\/\/ecooptimist.com\/de\/mission-und-werte\/","title":{"rendered":"Mission und Werte"},"content":{"rendered":"<p>[et_pb_section fb_built=&#8220;1&#8243; _builder_version=&#8220;4.27.4&#8243; _module_preset=&#8220;default&#8220; background_color=&#8220;#000000&#8243; background_enable_image=&#8220;off&#8220; background_video_mp4=&#8220;https:\/\/ecooptimist.com\/wp-content\/uploads\/2025\/04\/Welcome-to-the-futur.mp4&#8243; custom_margin=&#8220;||||false|false&#8220; custom_padding=&#8220;0px||0px||true|false&#8220; locked=&#8220;off&#8220; global_colors_info=&#8220;{}&#8220;][et_pb_row _builder_version=&#8220;4.27.4&#8243; _module_preset=&#8220;default&#8220; background_color=&#8220;rgba(0,0,0,0.5)&#8220; width=&#8220;100%&#8220; max_width=&#8220;100%&#8220; min_height=&#8220;75vh&#8220; custom_padding=&#8220;|20%||20%|false|true&#8220; hover_enabled=&#8220;0&#8243; custom_css_main_element=&#8220;display:flex;||align-items:center;&#8220; global_colors_info=&#8220;{}&#8220; sticky_enabled=&#8220;0&#8243;][et_pb_column type=&#8220;4_4&#8243; _builder_version=&#8220;4.27.4&#8243; _module_preset=&#8220;default&#8220; global_colors_info=&#8220;{}&#8220;][et_pb_image src=&#8220;https:\/\/ecooptimist.com\/wp-content\/uploads\/2025\/04\/Logo-png.webp&#8220; title_text=&#8220;Logo&#8220; align=&#8220;center&#8220; _builder_version=&#8220;4.27.4&#8243; _module_preset=&#8220;default&#8220; width=&#8220;25%&#8220; width_tablet=&#8220;40%&#8220; width_phone=&#8220;45%&#8220; width_last_edited=&#8220;on|phone&#8220; global_colors_info=&#8220;{}&#8220;][\/et_pb_image][\/et_pb_column][\/et_pb_row][\/et_pb_section][et_pb_section fb_built=&#8220;1&#8243; _builder_version=&#8220;4.27.4&#8243; _module_preset=&#8220;default&#8220; background_color=&#8220;#faf4e3&#8243; custom_padding=&#8220;0px|||||&#8220; global_colors_info=&#8220;{}&#8220;][et_pb_row _builder_version=&#8220;4.27.4&#8243; _module_preset=&#8220;default&#8220; max_width=&#8220;80%&#8220; global_colors_info=&#8220;{}&#8220;][et_pb_column type=&#8220;4_4&#8243; _builder_version=&#8220;4.27.4&#8243; _module_preset=&#8220;default&#8220; global_colors_info=&#8220;{}&#8220;][et_pb_text _builder_version=&#8220;4.27.4&#8243; _module_preset=&#8220;default&#8220; text_font=&#8220;&#8211;et_global_body_font||||||||&#8220; header_2_font=&#8220;|||on|||||&#8220; header_3_font=&#8220;&#8211;et_global_body_font||||||||&#8220; header_3_text_color=&#8220;rgba(25,47,80,0.7)&#8220; header_3_font_size=&#8220;24px&#8220; custom_padding=&#8220;12px|12px|12px|12px|true|true&#8220; custom_css_main_element=&#8220;min-height:160px&#8220; border_color_all=&#8220;rgba(25,47,80,0.7)&#8220; global_colors_info=&#8220;{}&#8220; transform_styles__hover_enabled=&#8220;off|hover&#8220; transform_scale__hover_enabled=&#8220;off|hover&#8220; transform_translate__hover_enabled=&#8220;off|hover&#8220; transform_rotate__hover_enabled=&#8220;off|hover&#8220; transform_skew__hover_enabled=&#8220;off|hover&#8220; transform_origin__hover_enabled=&#8220;off|hover&#8220;]<\/p>\n<h2>Mission<\/h2>\n<p>Die Mission von Eco Optimist besteht darin, wirksame L\u00f6sungen f\u00fcr die t\u00e4glichen \u00f6kologischen Probleme im Wohnungssektor (Bau, Energie, Wasser) vorzuschlagen.<\/p>\n<p>[\/et_pb_text][et_pb_text _builder_version=&#8220;4.27.4&#8243; _module_preset=&#8220;default&#8220; text_font=&#8220;&#8211;et_global_body_font||||||||&#8220; header_2_font=&#8220;|||on|||||&#8220; header_3_font=&#8220;&#8211;et_global_body_font||||||||&#8220; header_3_text_color=&#8220;rgba(25,47,80,0.7)&#8220; header_3_font_size=&#8220;24px&#8220; custom_padding=&#8220;12px|12px|12px|12px|true|true&#8220; custom_css_main_element=&#8220;min-height:160px&#8220; border_color_all=&#8220;rgba(25,47,80,0.7)&#8220; global_colors_info=&#8220;{}&#8220; transform_styles__hover_enabled=&#8220;off|hover&#8220; transform_scale__hover_enabled=&#8220;off|hover&#8220; transform_translate__hover_enabled=&#8220;off|hover&#8220; transform_rotate__hover_enabled=&#8220;off|hover&#8220; transform_skew__hover_enabled=&#8220;off|hover&#8220; transform_origin__hover_enabled=&#8220;off|hover&#8220;]<\/p>\n<h2>Werte<\/h2>\n<p>Eco Optimist m\u00f6chte ein weltweiter Ma\u00dfstab f\u00fcr \u00f6kologische L\u00f6sungen sein und eine Zukunft schaffen, in der die Harmonie zwischen Fortschritt und Natur eine f\u00fcr alle zug\u00e4ngliche Realit\u00e4t ist.<\/p>\n<p>[\/et_pb_text][\/et_pb_column][\/et_pb_row][\/et_pb_section][et_pb_section fb_built=&#8220;1&#8243; _builder_version=&#8220;4.27.4&#8243; _module_preset=&#8220;default&#8220; background_color=&#8220;#faf4e3&#8243; global_colors_info=&#8220;{}&#8220;][et_pb_row _builder_version=&#8220;4.27.4&#8243; _module_preset=&#8220;default&#8220; max_width=&#8220;80%&#8220; global_colors_info=&#8220;{}&#8220;][et_pb_column type=&#8220;4_4&#8243; _builder_version=&#8220;4.27.4&#8243; _module_preset=&#8220;default&#8220; global_colors_info=&#8220;{}&#8220;][et_pb_text _builder_version=&#8220;4.27.4&#8243; _module_preset=&#8220;default&#8220; text_font=&#8220;&#8211;et_global_body_font||||||||&#8220; text_line_height=&#8220;1.6em&#8220; header_font=&#8220;||||||||&#8220; header_2_font=&#8220;||||||||&#8220; text_orientation=&#8220;justified&#8220; text_font_size_tablet=&#8220;22px&#8220; text_font_size_phone=&#8220;21px&#8220; text_font_size_last_edited=&#8220;on|phone&#8220; global_colors_info=&#8220;{}&#8220;]<\/p>\n<p>Eco Optimist ist eine Premiummarke, die innovative, umweltbewusste L\u00f6sungen f\u00fcr Privatpersonen und Unternehmen anbietet, bei denen Nachhaltigkeit, Qualit\u00e4t und langfristige Wirkung im Vordergrund stehen. Als Experte f\u00fcr \u00f6kologisches Leben bietet das Unternehmen hochmoderne Produkte, pers\u00f6nliche Beratung, schnellen Service und eine starke ethische Grundlage. Durch die Kombination von Technologie und Nachhaltigkeit spricht Eco Optimist ein modernes Publikum an, das nach intelligenteren und verantwortungsvolleren Lebensweisen sucht. Von Solarmodulen bis hin zu hochwertiger Wasserfilterung und nachhaltigem Bauen verk\u00f6rpert die Marke das Engagement f\u00fcr ein bewusstes Leben, bei dem Umweltverantwortung auf funktionale Exzellenz trifft.   <\/p>\n<p>Mit Schweizer Pr\u00e4zision und einer zukunftsorientierten Denkweise spiegelt Eco Optimist ein tiefes Engagement f\u00fcr den Planeten und zuk\u00fcnftige Generationen wider. Durch die konsequente Bereitstellung authentischer und wirkungsvoller L\u00f6sungen etabliert sich die Marke als vertrauensw\u00fcrdiger Marktf\u00fchrer im Bereich nachhaltiges Leben. <\/p>\n<p>[\/et_pb_text][et_pb_button button_url=&#8220;https:\/\/ecooptimist.com\/de\/contact\/&#8220; button_text=&#8220;Kontaktieren Sie uns&#8220; button_alignment=&#8220;right&#8220; disabled_on=&#8220;off|off|off&#8220; _builder_version=&#8220;4.27.4&#8243; _module_preset=&#8220;default&#8220; custom_button=&#8220;on&#8220; button_text_size=&#8220;18px&#8220; button_text_color=&#8220;#0c234a&#8220; button_bg_color=&#8220;RGBA(255,255,255,0)&#8220; button_border_width=&#8220;1px&#8220; button_border_color=&#8220;#0c234a&#8220; button_border_radius=&#8220;0px&#8220; button_font=&#8220;&#8211;et_global_body_font|300|||||||&#8220; custom_margin=&#8220;12px||12px||true|false&#8220; button_text_color_last_edited=&#8220;off|desktop&#8220; locked=&#8220;off&#8220; global_colors_info=&#8220;{}&#8220; button_text_color__hover_enabled=&#8220;on|hover&#8220; button_text_color__hover=&#8220;#0c234a&#8220;][\/et_pb_button][\/et_pb_column][\/et_pb_row][\/et_pb_section]<\/p>\n","protected":false},"excerpt":{"rendered":"<p>Mission Die Mission von Eco Optimist besteht darin, wirksame L\u00f6sungen f\u00fcr die t\u00e4glichen \u00f6kologischen Probleme im Wohnungssektor (Bau, Energie, Wasser) vorzuschlagen.Werte Eco Optimist m\u00f6chte ein weltweiter Ma\u00dfstab f\u00fcr \u00f6kologische L\u00f6sungen sein und eine Zukunft schaffen, in der die Harmonie zwischen Fortschritt und Natur eine f\u00fcr alle zug\u00e4ngliche Realit\u00e4t ist.Eco Optimist ist eine Premiummarke, die innovative, [&hellip;]<\/p>\n","protected":false},"author":1,"featured_media":0,"parent":0,"menu_order":0,"comment_status":"closed","ping_status":"closed","template":"","meta":{"_et_pb_use_builder":"on","_et_pb_old_content":"","_et_gb_content_width":"","om_disable_all_campaigns":false,"inline_featured_image":false,"_monsterinsights_skip_tracking":false,"_monsterinsights_sitenote_active":false,"_monsterinsights_sitenote_note":"","_monsterinsights_sitenote_category":0,"footnotes":""},"class_list":["post-34439","page","type-page","status-publish","hentry"],"aioseo_notices":[],"_links":{"self":[{"href":"https:\/\/ecooptimist.com\/de\/wp-json\/wp\/v2\/pages\/34439","targetHints":{"allow":["GET"]}}],"collection":[{"href":"https:\/\/ecooptimist.com\/de\/wp-json\/wp\/v2\/pages"}],"about":[{"href":"https:\/\/ecooptimist.com\/de\/wp-json\/wp\/v2\/types\/page"}],"author":[{"embeddable":true,"href":"https:\/\/ecooptimist.com\/de\/wp-json\/wp\/v2\/users\/1"}],"replies":[{"embeddable":true,"href":"https:\/\/ecooptimist.com\/de\/wp-json\/wp\/v2\/comments?post=34439"}],"version-history":[{"count":15,"href":"https:\/\/ecooptimist.com\/de\/wp-json\/wp\/v2\/pages\/34439\/revisions"}],"predecessor-version":[{"id":35876,"href":"https:\/\/ecooptimist.com\/de\/wp-json\/wp\/v2\/pages\/34439\/revisions\/35876"}],"wp:attachment":[{"href":"https:\/\/ecooptimist.com\/de\/wp-json\/wp\/v2\/media?parent=34439"}],"curies":[{"name":"wp","href":"https:\/\/api.w.org\/{rel}","templated":true}]}}